{"id":80,"date":"2017-06-04T13:58:58","date_gmt":"2017-06-04T13:58:58","guid":{"rendered":"http:\/\/withnorwegianeyes.com\/?page_id=80"},"modified":"2024-02-18T10:24:08","modified_gmt":"2024-02-18T09:24:08","slug":"aboutus","status":"publish","type":"page","link":"https:\/\/withnorwegianeyes.com\/no\/omoss\/","title":{"rendered":"Om oss"},"content":{"rendered":"<div class=\"gb-container gb-container-dfcd653d\">\n<div class=\"gb-container gb-container-05990319\">\n<div class=\"gb-grid-wrapper gb-grid-wrapper-ec83fe61\">\n<div class=\"gb-grid-column gb-grid-column-1fc6ecf0\"><div class=\"gb-container gb-container-1fc6ecf0\">\n\n<figure class=\"gb-block-image gb-block-image-c47b2a5c\"><img loading=\"lazy\" decoding=\"async\" width=\"1280\" height=\"995\" class=\"gb-image gb-image-c47b2a5c\" src=\"https:\/\/withnorwegianeyes.com\/wp-content\/uploads\/2023\/06\/image-15.png\" alt=\"\" title=\"image-15\" srcset=\"https:\/\/withnorwegianeyes.com\/wp-content\/uploads\/2023\/06\/image-15.png 1280w, https:\/\/withnorwegianeyes.com\/wp-content\/uploads\/2023\/06\/image-15-300x233.png 300w, https:\/\/withnorwegianeyes.com\/wp-content\/uploads\/2023\/06\/image-15-1024x796.png 1024w, https:\/\/withnorwegianeyes.com\/wp-content\/uploads\/2023\/06\/image-15-768x597.png 768w\" sizes=\"(max-width: 1280px) 100vw, 1280px\" \/><\/figure>\n\n\n\n<p class=\"gb-headline gb-headline-f73874b8 gb-headline-text\">Vi er et norsk par som er bosatt i Oslo. Sammen driver vi reisebloggen With Norwegian Eyes.&nbsp;Reisene v\u00e5re tar oss til b\u00e5de n\u00e6re og fjerne steder, men vi er spesielt glade i v\u00e5rt eget hjemland.<\/p>\n\n\n\n<p>I Norge kan du finne oss p\u00e5 <span style=\"color: #118177;\"><a style=\"color: #118177;\" href=\"https:\/\/withnorwegianeyes.com\/no\/hoydepunkter-langs-kystriksveien\/\" rel=\"noopener noreferrer\"><span style=\"text-decoration: underline;\">bilferier langs flotte veistrekninger<\/span><\/a><\/span>, <span style=\"color: #118177;\"><a style=\"color: #118177;\" href=\"https:\/\/withnorwegianeyes.com\/no\/leka-et-geologisk-underverk\/\" rel=\"noopener noreferrer\"><span style=\"text-decoration: underline;\">p\u00e5 sykkeltur mellom fjell som kunne tilh\u00f8rt en annen planet<\/span><\/a><\/span>, eller p\u00e5 <span style=\"color: #118177;\"><a style=\"color: #118177;\" href=\"https:\/\/withnorwegianeyes.com\/no\/guide-praktisk-informasjon-tips-besok-svartisen-engabreen\/\" rel=\"noopener noreferrer\"><span style=\"text-decoration: underline;\">fottur til en mektig bl\u00e5 isbre<\/span><\/a><\/span>. Men oftest g\u00e5r vi rett og slett ut d\u00f8ra hjemme i Oslo og leter etter skjulte perler i n\u00e6rheten av der vi bor.<\/p>\n\n\n\n<p>Vi holder oss imidlertid ikke bare i v\u00e5rt eget nabolag \u2013 tvert imot! Gjennom \u00e5rene har vi badet p\u00e5 <span style=\"color: #118177;\"><a style=\"color: #118177;\" href=\"https:\/\/withnorwegianeyes.com\/no\/reiseguide-for-seychellene\/\" rel=\"noopener noreferrer\"><span style=\"text-decoration: underline;\">tropiske strender<\/span><\/a><\/span>, <span style=\"color: #118177;\"><a style=\"color: #118177;\" href=\"https:\/\/withnorwegianeyes.com\/no\/jungelvandring-singapore-macritchie-reservoir\/\" rel=\"noopener noreferrer\"><span style=\"text-decoration: underline;\">vandret i tett jungel<\/span><\/a><\/span>, bes\u00f8kt <span style=\"color: #118177;\"><a style=\"color: #118177;\" href=\"https:\/\/withnorwegianeyes.com\/no\/ta-prohm-tempel-angkor-kambodsja\/\" rel=\"noopener noreferrer\"><span style=\"text-decoration: underline;\">mystiske templer<\/span><\/a><\/span> og bodd i <span style=\"color: #118177;\"><a style=\"color: #118177;\" href=\"https:\/\/withnorwegianeyes.com\/no\/julebrev-fra-thorskogs-slott\/\" rel=\"noopener noreferrer\"><span style=\"text-decoration: underline;\">sjarmerende gamle slott<\/span><\/a><\/span>.<\/p>\n\n\n\n<p>P\u00e5 bloggen har vi et stort fokus p\u00e5 natur og dyreliv. Naturen sies \u00e5 v\u00e6re menneskets beste venn, og vi elsker \u00e5 bli n\u00e6rmere kjent med flere av de som bor der. I historiene v\u00e5re kan du lese om <span style=\"color: #118177;\"><a style=\"color: #118177;\" href=\"https:\/\/withnorwegianeyes.com\/no\/alligatorsafari-paa-sykkel-jekyll-island\/\" rel=\"noopener noreferrer\"><span style=\"text-decoration: underline;\">alligatorer<\/span><\/a><\/span>, klapperslanger, kuer, <span style=\"color: #118177;\"><a style=\"color: #118177;\" href=\"https:\/\/withnorwegianeyes.com\/no\/elgsafari-pa-elsykkel\/\" rel=\"noopener noreferrer\"><span style=\"text-decoration: underline;\">elg<\/span><\/a><\/span>, moskus, apekatter, <span style=\"color: #118177;\"><a style=\"color: #118177;\" href=\"https:\/\/withnorwegianeyes.com\/no\/hvordan-rotter-redder-menneskeliv\/\" rel=\"noopener noreferrer\"><span style=\"text-decoration: underline;\">helterotter<\/span><\/a><\/span>, <span style=\"color: #118177;\"><a style=\"color: #118177;\" href=\"https:\/\/withnorwegianeyes.com\/no\/besok-paa-the-kangaroo-sanctuary\/\" rel=\"noopener noreferrer\"><span style=\"text-decoration: underline;\">kenguruer<\/span><\/a><\/span>, edderkopper, fugler og mange andre fasinerende skapninger. For \u00e5 utforske naturen tar vi gjerne <span style=\"color: #118177;\"><a style=\"color: #118177;\" href=\"https:\/\/withnorwegianeyes.com\/no\/delianaravinen-mesavliaravinen\/\" rel=\"noopener noreferrer\"><span style=\"text-decoration: underline;\">beina fatt<\/span><\/a><\/span> eller <span style=\"color: #118177;\"><a style=\"color: #118177;\" href=\"https:\/\/withnorwegianeyes.com\/no\/tour-de-dovre-norges-fineste-sykkeltur\/\" rel=\"noopener noreferrer\"><span style=\"text-decoration: underline;\">hopper p\u00e5 syklene v\u00e5re<\/span><\/a><\/span>.<\/p>\n\n\n\n<p>Vi er ogs\u00e5 over gjennomsnittlig glad i <span style=\"color: #118177;\"><a style=\"color: #118177;\" href=\"https:\/\/withnorwegianeyes.com\/no\/afternoon-tea\/\"><span style=\"text-decoration: underline;\">Afternoon Tea<\/span><\/a><\/span>, og aktiviteter som f\u00e5r fram <span style=\"color: #118177;\"><a style=\"color: #118177;\" href=\"https:\/\/withnorwegianeyes.com\/no\/juletrehogging-paa-rolstad-gaard\/\" rel=\"noopener noreferrer\"><span style=\"text-decoration: underline;\">den gode gamle julestemningen<\/span><\/a><\/span>. Det er noe helt magisk med en by som lyses opp av&nbsp;<span style=\"color: #118177;\"><a style=\"color: #118177;\" href=\"https:\/\/withnorwegianeyes.com\/no\/lystig-juleglede-pa-liseberg\/\" rel=\"noopener noreferrer\"><span style=\"text-decoration: underline;\">tusenvis av julelys<\/span><\/a><\/span>, og vi kan aldri f\u00e5 nok av <span style=\"color: #118177;\"><a style=\"color: #118177;\" href=\"https:\/\/withnorwegianeyes.com\/no\/koselige-juleaktiviteter-i-oslo-omegn\/\" rel=\"noopener noreferrer\"><span style=\"text-decoration: underline;\">koselige f\u00f8rjulsaktiviteter<\/span><\/a><\/span>. Vi blir heller aldri lei av \u00e5 f\u00e5 servert en god kopp te og et fat fullt av godsaker.<\/p>\n\n\n\n<p>Deler du noen av v\u00e5re lidenskaper? Da h\u00e5per vi at du vil f\u00f8lge oss p\u00e5 reisen!<\/p>\n\n\n\n<ul>\n<li><span style=\"color: #118177;\"><strong><a style=\"color: #118177;\" href=\"https:\/\/www.facebook.com\/withnorwegianeyes\/\" rel=\"noopener noreferrer\"><span style=\"text-decoration: underline;\">F\u00f8lg oss p\u00e5 Facebook<\/span><\/a><\/strong><\/span> for generelle oppdateringer.<\/li>\n\n\n\n<li><a href=\"https:\/\/www.instagram.com\/withnorwegianeyes\/\"><strong><span style=\"color: #118177;\"><span style=\"text-decoration: underline;\">Sjekk ut v\u00e5r Instagram-konto<\/span><\/span><\/strong><\/a> for hyppige glimt av v\u00e5re opplevelser n\u00e6rt og fjernt.<\/li>\n<\/ul>\n\n\n\n<p><span style=\"color: #118177;\"><a style=\"color: #118177;\" href=\"https:\/\/withnorwegianeyes.com\/no\/questions-and-answers\/\" rel=\"noopener noreferrer\"><span style=\"text-decoration: underline;\">Har du noen <\/span><span style=\"text-decoration: underline;\">sp\u00f8rsm\u00e5l?<\/span><\/a><\/span>&nbsp;<span style=\"color: #118177;\"><a style=\"color: #118177;\" href=\"https:\/\/withnorwegianeyes.com\/no\/kontakt-oss\/\" rel=\"noopener noreferrer\"><span style=\"text-decoration: underline;\">Vi h\u00f8rer gjerne fra deg!<\/span><\/a><\/span><\/p>\n\n\n<div class=\"wp-block-image\">\n<figure class=\"aligncenter\"><img loading=\"lazy\" decoding=\"async\" width=\"1280\" height=\"803\" src=\"https:\/\/withnorwegianeyes.com\/wp-content\/uploads\/2018\/03\/P4130443.jpg\" alt=\"\" class=\"wp-image-2751\" srcset=\"https:\/\/withnorwegianeyes.com\/wp-content\/uploads\/2018\/03\/P4130443.jpg 1280w, https:\/\/withnorwegianeyes.com\/wp-content\/uploads\/2018\/03\/P4130443-300x188.jpg 300w, https:\/\/withnorwegianeyes.com\/wp-content\/uploads\/2018\/03\/P4130443-1024x642.jpg 1024w, https:\/\/withnorwegianeyes.com\/wp-content\/uploads\/2018\/03\/P4130443-768x482.jpg 768w\" sizes=\"(max-width: 1280px) 100vw, 1280px\" \/><\/figure><\/div>\n<\/div><\/div>\n<\/div>\n<\/div>\n<\/div>","protected":false},"excerpt":{"rendered":"","protected":false},"author":1,"featured_media":0,"parent":0,"menu_order":0,"comment_status":"closed","ping_status":"closed","template":"","meta":{"footnotes":""},"translation":{"provider":"WPGlobus","version":"2.12.2","language":"no","enabled_languages":["en","no"],"languages":{"en":{"title":true,"content":true,"excerpt":false},"no":{"title":true,"content":true,"excerpt":false}}},"_links":{"self":[{"href":"https:\/\/withnorwegianeyes.com\/no\/wp-json\/wp\/v2\/pages\/80"}],"collection":[{"href":"https:\/\/withnorwegianeyes.com\/no\/wp-json\/wp\/v2\/pages"}],"about":[{"href":"https:\/\/withnorwegianeyes.com\/no\/wp-json\/wp\/v2\/types\/page"}],"author":[{"embeddable":true,"href":"https:\/\/withnorwegianeyes.com\/no\/wp-json\/wp\/v2\/users\/1"}],"replies":[{"embeddable":true,"href":"https:\/\/withnorwegianeyes.com\/no\/wp-json\/wp\/v2\/comments?post=80"}],"version-history":[{"count":64,"href":"https:\/\/withnorwegianeyes.com\/no\/wp-json\/wp\/v2\/pages\/80\/revisions"}],"predecessor-version":[{"id":20709,"href":"https:\/\/withnorwegianeyes.com\/no\/wp-json\/wp\/v2\/pages\/80\/revisions\/20709"}],"wp:attachment":[{"href":"https:\/\/withnorwegianeyes.com\/no\/wp-json\/wp\/v2\/media?parent=80"}],"curies":[{"name":"wp","href":"https:\/\/api.w.org\/{rel}","templated":true}]}}