{"id":5392,"date":"2018-07-23T22:39:24","date_gmt":"2018-07-23T21:39:24","guid":{"rendered":"https:\/\/withnorwegianeyes.com\/?page_id=5392"},"modified":"2024-06-18T13:46:20","modified_gmt":"2024-06-18T12:46:20","slug":"privacy-policy","status":"publish","type":"page","link":"https:\/\/withnorwegianeyes.com\/no\/privacy-policy\/","title":{"rendered":"Personvernerkl\u00e6ring"},"content":{"rendered":"<div class=\"gb-container gb-container-dfcd653d\">\n<div class=\"gb-container gb-container-05990319\">\n<div class=\"gb-grid-wrapper gb-grid-wrapper-ec83fe61\">\n<div class=\"gb-grid-column gb-grid-column-1fc6ecf0\"><div class=\"gb-container gb-container-1fc6ecf0\">\n\n<p>With Norwegian Eyes personvernerkl\u00e6ring gir deg informasjon om hvordan vi samler inn og bruker personopplysninger og informasjonskapsler via withnorwegianeyes.com. With Norwegian Eyes er er ansvarlig for den bruken av personopplysninger som samles inn ved bruk av withnorwegianeyes.com.<\/p>\n\n\n\n<p>With Norwegian Eyes kan kontaktes p\u00e5: <span style=\"text-decoration: underline;\"><span style=\"color: #118177; text-decoration: underline;\">contact@withnorwegianeyes.com<\/span>.<\/span><\/p>\n\n\n\n<p><strong>Om cookies<\/strong><\/p>\n\n\n\n<p>Informasjonskapsler (cookies) er sm\u00e5 midlertidige filer som blir lagret p\u00e5 enheten din i det du bes\u00f8ker en nettside (som tar dette i bruk).<\/p>\n\n\n\n<p>Vi bruker cookies til \u00e5:<\/p>\n\n\n\n<ul>\n<li>Huske informasjon om brukerene v\u00e5re, for eksempel valg av spr\u00e5k<\/li>\n\n\n\n<li><span lang=\"EN-US\">Forst\u00e5 hvordan brukerne bruker v\u00e5re tjenester, s\u00e5 vi kan gj\u00f8re de bedre <\/span><\/li>\n<\/ul>\n\n\n\n<p><strong><span lang=\"EN-US\">Spr\u00e5k<\/span><\/strong><\/p>\n\n\n\n<p><span lang=\"EN-US\">Withnorwegianeyes.com er et flerspr\u00e5kelig nettsted. Vi bruken et WordPress-tillegg (WPGlobus) for \u00e5 h\u00e5ndtere de ulike spr\u00e5kene p\u00e5 hjemmesiden. WPGlobus bruker informasjonskapsler for \u00e5 lagre en brukers foretrukne spr\u00e5k p\u00e5 v\u00e5rt nettsted for \u00e5 forbedre brukeropplevelsen.&nbsp;<\/span><\/p>\n\n\n\n<p><strong><span lang=\"EN-US\">Google Analytics<\/span><\/strong><\/p>\n\n\n\n<p><span lang=\"EN-US\">Vi bruker analyseverkt\u00f8yet Google Analytics for \u00e5 forst\u00e5 og forbedre nettstedet og brukeropplevelsen. Gjennom \u00e5 registrere IP-adressen lagrer <\/span>informasjon om hvilke sider du som bruker bes\u00f8ker og hvor lenge. Det registreres ogs\u00e5 informasjon som hvilke nettsider brukerene kommer fra og hvilke nettlesere brukerene benytter.<\/p>\n\n\n\n<p>Gjennom \u00e5 bes\u00f8ke v\u00e5rt nettsted withnorwegianeyes.com, samtykker du til bruken av Google Analytics informasjonskapsler.&nbsp;<span lang=\"EN-US\"><a href=\"https:\/\/policies.google.com\/technologies\/cookies?hl=no\"><span style=\"text-decoration: underline; color: #004d46;\">Klikk her for \u00e5 lese mer om hva informasjonskapsler er<\/span><\/a>.<\/span><\/p>\n\n\n\n<p>IP-adressen som samles inn med Google Analytics behandles i avidentifisert form, anonymiseres etter kort tid. IP-adressen din anonymiseres f\u00f8r den overf\u00f8res til Googles servere i USA, slik at de ikke kan identifisere deg som enkeltbruker. Aggregert informasjon om din bruk av v\u00e5rt nettsted blir lagret i 14 m\u00e5neder.<\/p>\n\n\n\n<p>Mottatte opplysninger er underlagt&nbsp;<span style=\"text-decoration: underline; color: #004d46;\"><a style=\"color: #004d46; text-decoration: underline;\" href=\"http:\/\/www.google.com\/intl\/no\/policies\/privacy\/\">Googles retningslinjer for personvern<\/a><\/span>.<\/p>\n\n<\/div><\/div>\n<\/div>\n<\/div>\n<\/div>","protected":false},"excerpt":{"rendered":"","protected":false},"author":1,"featured_media":0,"parent":0,"menu_order":0,"comment_status":"closed","ping_status":"closed","template":"","meta":{"footnotes":""},"translation":{"provider":"WPGlobus","version":"2.12.2","language":"no","enabled_languages":["en","no"],"languages":{"en":{"title":true,"content":true,"excerpt":false},"no":{"title":true,"content":true,"excerpt":false}}},"_links":{"self":[{"href":"https:\/\/withnorwegianeyes.com\/no\/wp-json\/wp\/v2\/pages\/5392"}],"collection":[{"href":"https:\/\/withnorwegianeyes.com\/no\/wp-json\/wp\/v2\/pages"}],"about":[{"href":"https:\/\/withnorwegianeyes.com\/no\/wp-json\/wp\/v2\/types\/page"}],"author":[{"embeddable":true,"href":"https:\/\/withnorwegianeyes.com\/no\/wp-json\/wp\/v2\/users\/1"}],"replies":[{"embeddable":true,"href":"https:\/\/withnorwegianeyes.com\/no\/wp-json\/wp\/v2\/comments?post=5392"}],"version-history":[{"count":43,"href":"https:\/\/withnorwegianeyes.com\/no\/wp-json\/wp\/v2\/pages\/5392\/revisions"}],"predecessor-version":[{"id":20771,"href":"https:\/\/withnorwegianeyes.com\/no\/wp-json\/wp\/v2\/pages\/5392\/revisions\/20771"}],"wp:attachment":[{"href":"https:\/\/withnorwegianeyes.com\/no\/wp-json\/wp\/v2\/media?parent=5392"}],"curies":[{"name":"wp","href":"https:\/\/api.w.org\/{rel}","templated":true}]}}