{"id":3877,"date":"2018-05-01T14:00:11","date_gmt":"2018-05-01T13:00:11","guid":{"rendered":"https:\/\/withnorwegianeyes.com\/?page_id=3877"},"modified":"2024-02-18T10:03:45","modified_gmt":"2024-02-18T09:03:45","slug":"hotel-reviews","status":"publish","type":"page","link":"https:\/\/withnorwegianeyes.com\/no\/hotellomtaler\/","title":{"rendered":"Hotellomtaler"},"content":{"rendered":"<div class=\"gb-container gb-container-99015307\">\n\n<div class=\"gb-grid-wrapper gb-grid-wrapper-e1533cb0 gb-query-loop-wrapper\">\n<div class=\"gb-grid-column gb-grid-column-9d4784b5 gb-query-loop-item post-16421 post type-post status-publish format-standard has-post-thumbnail hentry category-ukategorisert tag-denmark tag-lat tag-sleep\"><div class=\"gb-container gb-container-9d4784b5\"><div class=\"gb-inside-container\">\n<figure class=\"gb-block-image gb-block-image-1a273537\"><a href=\"https:\/\/withnorwegianeyes.com\/no\/anmeldelse-av-villa-copenhagen\/\"><img loading=\"lazy\" decoding=\"async\" width=\"300\" height=\"200\" src=\"https:\/\/withnorwegianeyes.com\/wp-content\/uploads\/2021\/01\/Villa-Copenhagen-1-av-1-300x200.jpeg\" class=\"gb-image-1a273537\" alt=\"\" srcset=\"https:\/\/withnorwegianeyes.com\/wp-content\/uploads\/2021\/01\/Villa-Copenhagen-1-av-1-300x200.jpeg 300w, https:\/\/withnorwegianeyes.com\/wp-content\/uploads\/2021\/01\/Villa-Copenhagen-1-av-1-1024x683.jpeg 1024w, https:\/\/withnorwegianeyes.com\/wp-content\/uploads\/2021\/01\/Villa-Copenhagen-1-av-1-768x512.jpeg 768w, https:\/\/withnorwegianeyes.com\/wp-content\/uploads\/2021\/01\/Villa-Copenhagen-1-av-1.jpeg 1280w\" sizes=\"(max-width: 300px) 100vw, 300px\" \/><\/a><\/figure>\n\n<h3 class=\"gb-headline gb-headline-2f24cb3f gb-headline-text\"><a href=\"https:\/\/withnorwegianeyes.com\/no\/anmeldelse-av-villa-copenhagen\/\">Anmeldelse: Villa Copenhagen<\/a><\/h3>\n\n<div class=\"gb-button-wrapper gb-button-wrapper-a7e528f8\">\n<a class=\"gb-button gb-button-164d97c4 gb-button-text\" href=\"https:\/\/withnorwegianeyes.com\/no\/anmeldelse-av-villa-copenhagen\/\">LES MER<\/a>\n<\/div>\n<\/div><\/div><\/div>\n\n<div class=\"gb-grid-column gb-grid-column-9d4784b5 gb-query-loop-item post-13662 post type-post status-publish format-standard has-post-thumbnail hentry category-ukategorisert tag-122 tag-123 tag-aus tag-sleep tag-world\"><div class=\"gb-container gb-container-9d4784b5\"><div class=\"gb-inside-container\">\n<figure class=\"gb-block-image gb-block-image-1a273537\"><a href=\"https:\/\/withnorwegianeyes.com\/no\/omtale-silky-oaks-lodge\/\"><img loading=\"lazy\" decoding=\"async\" width=\"300\" height=\"200\" src=\"https:\/\/withnorwegianeyes.com\/wp-content\/uploads\/2017\/05\/Silky-Oaks-Lodge-1-av-1-300x200.jpeg\" class=\"gb-image-1a273537\" alt=\"\" srcset=\"https:\/\/withnorwegianeyes.com\/wp-content\/uploads\/2017\/05\/Silky-Oaks-Lodge-1-av-1-300x200.jpeg 300w, https:\/\/withnorwegianeyes.com\/wp-content\/uploads\/2017\/05\/Silky-Oaks-Lodge-1-av-1-1024x683.jpeg 1024w, https:\/\/withnorwegianeyes.com\/wp-content\/uploads\/2017\/05\/Silky-Oaks-Lodge-1-av-1-768x512.jpeg 768w, https:\/\/withnorwegianeyes.com\/wp-content\/uploads\/2017\/05\/Silky-Oaks-Lodge-1-av-1.jpeg 1280w\" sizes=\"(max-width: 300px) 100vw, 300px\" \/><\/a><\/figure>\n\n<h3 class=\"gb-headline gb-headline-2f24cb3f gb-headline-text\"><a href=\"https:\/\/withnorwegianeyes.com\/no\/omtale-silky-oaks-lodge\/\">Omtale: Silky Oaks Lodge<\/a><\/h3>\n\n<div class=\"gb-button-wrapper gb-button-wrapper-a7e528f8\">\n<a class=\"gb-button gb-button-164d97c4 gb-button-text\" href=\"https:\/\/withnorwegianeyes.com\/no\/omtale-silky-oaks-lodge\/\">LES MER<\/a>\n<\/div>\n<\/div><\/div><\/div>\n\n<div class=\"gb-grid-column gb-grid-column-9d4784b5 gb-query-loop-item post-12140 post type-post status-publish format-standard has-post-thumbnail hentry category-ukategorisert tag-islands tag-poly tag-sleep tag-world\"><div class=\"gb-container gb-container-9d4784b5\"><div class=\"gb-inside-container\">\n<figure class=\"gb-block-image gb-block-image-1a273537\"><a href=\"https:\/\/withnorwegianeyes.com\/no\/anmeldelse-brando-suite-intercontinental-thalasso-bora-bora\/\"><img loading=\"lazy\" decoding=\"async\" width=\"300\" height=\"200\" src=\"https:\/\/withnorwegianeyes.com\/wp-content\/uploads\/2020\/01\/Brando-1-av-25-300x200.jpeg\" class=\"gb-image-1a273537\" alt=\"\" srcset=\"https:\/\/withnorwegianeyes.com\/wp-content\/uploads\/2020\/01\/Brando-1-av-25-300x200.jpeg 300w, https:\/\/withnorwegianeyes.com\/wp-content\/uploads\/2020\/01\/Brando-1-av-25-1024x683.jpeg 1024w, https:\/\/withnorwegianeyes.com\/wp-content\/uploads\/2020\/01\/Brando-1-av-25-768x512.jpeg 768w, https:\/\/withnorwegianeyes.com\/wp-content\/uploads\/2020\/01\/Brando-1-av-25.jpeg 1280w\" sizes=\"(max-width: 300px) 100vw, 300px\" \/><\/a><\/figure>\n\n<h3 class=\"gb-headline gb-headline-2f24cb3f gb-headline-text\"><a href=\"https:\/\/withnorwegianeyes.com\/no\/anmeldelse-brando-suite-intercontinental-thalasso-bora-bora\/\">Anmeldelse: Villa Teremoana p\u00e5 InterContinental Bora Bora Resort &#038; Thalasso Spa<\/a><\/h3>\n\n<div class=\"gb-button-wrapper gb-button-wrapper-a7e528f8\">\n<a class=\"gb-button gb-button-164d97c4 gb-button-text\" href=\"https:\/\/withnorwegianeyes.com\/no\/anmeldelse-brando-suite-intercontinental-thalasso-bora-bora\/\">LES MER<\/a>\n<\/div>\n<\/div><\/div><\/div>\n\n<div class=\"gb-grid-column gb-grid-column-9d4784b5 gb-query-loop-item post-10342 post type-post status-publish format-standard has-post-thumbnail hentry category-ukategorisert tag-36 tag-37 tag-106 tag-seychelles tag-sleep tag-world\"><div class=\"gb-container gb-container-9d4784b5\"><div class=\"gb-inside-container\">\n<figure class=\"gb-block-image gb-block-image-1a273537\"><a href=\"https:\/\/withnorwegianeyes.com\/no\/omtale-constance-lemuria\/\"><img loading=\"lazy\" decoding=\"async\" width=\"300\" height=\"200\" src=\"https:\/\/withnorwegianeyes.com\/wp-content\/uploads\/2019\/10\/1-1-300x200.jpg\" class=\"gb-image-1a273537\" alt=\"\" srcset=\"https:\/\/withnorwegianeyes.com\/wp-content\/uploads\/2019\/10\/1-1-300x200.jpg 300w, https:\/\/withnorwegianeyes.com\/wp-content\/uploads\/2019\/10\/1-1-1024x682.jpg 1024w, https:\/\/withnorwegianeyes.com\/wp-content\/uploads\/2019\/10\/1-1-768x512.jpg 768w, https:\/\/withnorwegianeyes.com\/wp-content\/uploads\/2019\/10\/1-1.jpg 1280w\" sizes=\"(max-width: 300px) 100vw, 300px\" \/><\/a><\/figure>\n\n<h3 class=\"gb-headline gb-headline-2f24cb3f gb-headline-text\"><a href=\"https:\/\/withnorwegianeyes.com\/no\/omtale-constance-lemuria\/\">Omtale: Constance Lemuria<\/a><\/h3>\n\n<div class=\"gb-button-wrapper gb-button-wrapper-a7e528f8\">\n<a class=\"gb-button gb-button-164d97c4 gb-button-text\" href=\"https:\/\/withnorwegianeyes.com\/no\/omtale-constance-lemuria\/\">LES MER<\/a>\n<\/div>\n<\/div><\/div><\/div>\n\n<div class=\"gb-grid-column gb-grid-column-9d4784b5 gb-query-loop-item post-8488 post type-post status-publish format-standard has-post-thumbnail hentry category-ukategorisert tag-106 tag-seychelles tag-sleep tag-world\"><div class=\"gb-container gb-container-9d4784b5\"><div class=\"gb-inside-container\">\n<figure class=\"gb-block-image gb-block-image-1a273537\"><a href=\"https:\/\/withnorwegianeyes.com\/no\/anmeldelse-hilton-seychelles-labriz-resort-spa\/\"><img loading=\"lazy\" decoding=\"async\" width=\"300\" height=\"200\" src=\"https:\/\/withnorwegianeyes.com\/wp-content\/uploads\/2017\/05\/Hilton-Labriz-1-av-1-300x200.jpg\" class=\"gb-image-1a273537\" alt=\"\" srcset=\"https:\/\/withnorwegianeyes.com\/wp-content\/uploads\/2017\/05\/Hilton-Labriz-1-av-1-300x200.jpg 300w, https:\/\/withnorwegianeyes.com\/wp-content\/uploads\/2017\/05\/Hilton-Labriz-1-av-1-1024x682.jpg 1024w, https:\/\/withnorwegianeyes.com\/wp-content\/uploads\/2017\/05\/Hilton-Labriz-1-av-1-768x512.jpg 768w, https:\/\/withnorwegianeyes.com\/wp-content\/uploads\/2017\/05\/Hilton-Labriz-1-av-1.jpg 1280w\" sizes=\"(max-width: 300px) 100vw, 300px\" \/><\/a><\/figure>\n\n<h3 class=\"gb-headline gb-headline-2f24cb3f gb-headline-text\"><a href=\"https:\/\/withnorwegianeyes.com\/no\/anmeldelse-hilton-seychelles-labriz-resort-spa\/\">Omtale: Hilton Seychelles Labriz Resort &#038; Spa \u2013 luksus p\u00e5 en \u00f8de \u00f8y<\/a><\/h3>\n\n<div class=\"gb-button-wrapper gb-button-wrapper-a7e528f8\">\n<a class=\"gb-button gb-button-164d97c4 gb-button-text\" href=\"https:\/\/withnorwegianeyes.com\/no\/anmeldelse-hilton-seychelles-labriz-resort-spa\/\">LES MER<\/a>\n<\/div>\n<\/div><\/div><\/div>\n\n<div class=\"gb-grid-column gb-grid-column-9d4784b5 gb-query-loop-item post-7093 post type-post status-publish format-standard has-post-thumbnail hentry category-ukategorisert tag-79 tag-58 tag-59 tag-47 tag-christmas tag-europe tag-sleep tag-swe\"><div class=\"gb-container gb-container-9d4784b5\"><div class=\"gb-inside-container\">\n<figure class=\"gb-block-image gb-block-image-1a273537\"><a href=\"https:\/\/withnorwegianeyes.com\/no\/julebrev-fra-thorskogs-slott\/\"><img loading=\"lazy\" decoding=\"async\" width=\"300\" height=\"200\" src=\"https:\/\/withnorwegianeyes.com\/wp-content\/uploads\/2017\/05\/Thorskogs-Slott-1-av-1-300x200.jpg\" class=\"gb-image-1a273537\" alt=\"\" srcset=\"https:\/\/withnorwegianeyes.com\/wp-content\/uploads\/2017\/05\/Thorskogs-Slott-1-av-1-300x200.jpg 300w, https:\/\/withnorwegianeyes.com\/wp-content\/uploads\/2017\/05\/Thorskogs-Slott-1-av-1-1024x682.jpg 1024w, https:\/\/withnorwegianeyes.com\/wp-content\/uploads\/2017\/05\/Thorskogs-Slott-1-av-1-768x512.jpg 768w, https:\/\/withnorwegianeyes.com\/wp-content\/uploads\/2017\/05\/Thorskogs-Slott-1-av-1.jpg 1214w\" sizes=\"(max-width: 300px) 100vw, 300px\" \/><\/a><\/figure>\n\n<h3 class=\"gb-headline gb-headline-2f24cb3f gb-headline-text\"><a href=\"https:\/\/withnorwegianeyes.com\/no\/julebrev-fra-thorskogs-slott\/\">Et julebrev fra Thorskogs Slott<\/a><\/h3>\n\n<div class=\"gb-button-wrapper gb-button-wrapper-a7e528f8\">\n<a class=\"gb-button gb-button-164d97c4 gb-button-text\" href=\"https:\/\/withnorwegianeyes.com\/no\/julebrev-fra-thorskogs-slott\/\">LES MER<\/a>\n<\/div>\n<\/div><\/div><\/div>\n\n<div class=\"gb-grid-column gb-grid-column-9d4784b5 gb-query-loop-item post-6418 post type-post status-publish format-standard has-post-thumbnail hentry category-ukategorisert tag-64 tag-36 tag-78 tag-106 tag-sleep tag-usa tag-world\"><div class=\"gb-container gb-container-9d4784b5\"><div class=\"gb-inside-container\">\n<figure class=\"gb-block-image gb-block-image-1a273537\"><a href=\"https:\/\/withnorwegianeyes.com\/no\/omtale-old-edwards-inn-og-spa\/\"><img loading=\"lazy\" decoding=\"async\" width=\"300\" height=\"200\" src=\"https:\/\/withnorwegianeyes.com\/wp-content\/uploads\/2017\/05\/Old-Edwards-Inn-and-Spa-1-av-1-300x200.jpg\" class=\"gb-image-1a273537\" alt=\"\" srcset=\"https:\/\/withnorwegianeyes.com\/wp-content\/uploads\/2017\/05\/Old-Edwards-Inn-and-Spa-1-av-1-300x200.jpg 300w, https:\/\/withnorwegianeyes.com\/wp-content\/uploads\/2017\/05\/Old-Edwards-Inn-and-Spa-1-av-1-1024x682.jpg 1024w, https:\/\/withnorwegianeyes.com\/wp-content\/uploads\/2017\/05\/Old-Edwards-Inn-and-Spa-1-av-1-768x512.jpg 768w, https:\/\/withnorwegianeyes.com\/wp-content\/uploads\/2017\/05\/Old-Edwards-Inn-and-Spa-1-av-1.jpg 1280w\" sizes=\"(max-width: 300px) 100vw, 300px\" \/><\/a><\/figure>\n\n<h3 class=\"gb-headline gb-headline-2f24cb3f gb-headline-text\"><a href=\"https:\/\/withnorwegianeyes.com\/no\/omtale-old-edwards-inn-og-spa\/\">Omtale: Old Edwards Inn and Spa<\/a><\/h3>\n\n<div class=\"gb-button-wrapper gb-button-wrapper-a7e528f8\">\n<a class=\"gb-button gb-button-164d97c4 gb-button-text\" href=\"https:\/\/withnorwegianeyes.com\/no\/omtale-old-edwards-inn-og-spa\/\">LES MER<\/a>\n<\/div>\n<\/div><\/div><\/div>\n\n<div class=\"gb-grid-column gb-grid-column-9d4784b5 gb-query-loop-item post-2244 post type-post status-publish format-standard has-post-thumbnail hentry category-ukategorisert tag-40 tag-do tag-eat tag-europe tag-hun tag-sleep\"><div class=\"gb-container gb-container-9d4784b5\"><div class=\"gb-inside-container\">\n<figure class=\"gb-block-image gb-block-image-1a273537\"><a href=\"https:\/\/withnorwegianeyes.com\/no\/7-reisetips-for-budapest-og-11-grunner-til-a-bo-pa-hotel-moments\/\"><img loading=\"lazy\" decoding=\"async\" width=\"300\" height=\"200\" src=\"https:\/\/withnorwegianeyes.com\/wp-content\/uploads\/2017\/05\/11-grunner-til-a-bo-pa-Hotel-Moments-1-av-1-300x200.jpg\" class=\"gb-image-1a273537\" alt=\"\" srcset=\"https:\/\/withnorwegianeyes.com\/wp-content\/uploads\/2017\/05\/11-grunner-til-a-bo-pa-Hotel-Moments-1-av-1-300x200.jpg 300w, https:\/\/withnorwegianeyes.com\/wp-content\/uploads\/2017\/05\/11-grunner-til-a-bo-pa-Hotel-Moments-1-av-1-1024x682.jpg 1024w, https:\/\/withnorwegianeyes.com\/wp-content\/uploads\/2017\/05\/11-grunner-til-a-bo-pa-Hotel-Moments-1-av-1-768x512.jpg 768w, https:\/\/withnorwegianeyes.com\/wp-content\/uploads\/2017\/05\/11-grunner-til-a-bo-pa-Hotel-Moments-1-av-1.jpg 1280w\" sizes=\"(max-width: 300px) 100vw, 300px\" \/><\/a><\/figure>\n\n<h3 class=\"gb-headline gb-headline-2f24cb3f gb-headline-text\"><a href=\"https:\/\/withnorwegianeyes.com\/no\/7-reisetips-for-budapest-og-11-grunner-til-a-bo-pa-hotel-moments\/\">7 reisetips for Budapest og 11 grunner til \u00e5 bo p\u00e5 Hotel Moments Budapest<\/a><\/h3>\n\n<div class=\"gb-button-wrapper gb-button-wrapper-a7e528f8\">\n<a class=\"gb-button gb-button-164d97c4 gb-button-text\" href=\"https:\/\/withnorwegianeyes.com\/no\/7-reisetips-for-budapest-og-11-grunner-til-a-bo-pa-hotel-moments\/\">LES MER<\/a>\n<\/div>\n<\/div><\/div><\/div>\n\n<div class=\"gb-grid-column gb-grid-column-9d4784b5 gb-query-loop-item post-1480 post type-post status-publish format-standard has-post-thumbnail hentry category-ukategorisert tag-67 tag-eat tag-norway tag-sleep\"><div class=\"gb-container gb-container-9d4784b5\"><div class=\"gb-inside-container\">\n<figure class=\"gb-block-image gb-block-image-1a273537\"><a href=\"https:\/\/withnorwegianeyes.com\/no\/omtale-tuddal-hoyfjellshotell\/\"><img loading=\"lazy\" decoding=\"async\" width=\"300\" height=\"200\" src=\"https:\/\/withnorwegianeyes.com\/wp-content\/uploads\/2017\/05\/Tuddal-Hoyfjellshotell-1-av-1-300x200.jpg\" class=\"gb-image-1a273537\" alt=\"\" srcset=\"https:\/\/withnorwegianeyes.com\/wp-content\/uploads\/2017\/05\/Tuddal-Hoyfjellshotell-1-av-1-300x200.jpg 300w, https:\/\/withnorwegianeyes.com\/wp-content\/uploads\/2017\/05\/Tuddal-Hoyfjellshotell-1-av-1-1024x683.jpg 1024w, https:\/\/withnorwegianeyes.com\/wp-content\/uploads\/2017\/05\/Tuddal-Hoyfjellshotell-1-av-1-768x512.jpg 768w, https:\/\/withnorwegianeyes.com\/wp-content\/uploads\/2017\/05\/Tuddal-Hoyfjellshotell-1-av-1.jpg 1280w\" sizes=\"(max-width: 300px) 100vw, 300px\" \/><\/a><\/figure>\n\n<h3 class=\"gb-headline gb-headline-2f24cb3f gb-headline-text\"><a href=\"https:\/\/withnorwegianeyes.com\/no\/omtale-tuddal-hoyfjellshotell\/\">Omtale: Tuddal H\u00f8yfjellshotell \u2013 Et hotell utenom det vanlige<\/a><\/h3>\n\n<div class=\"gb-button-wrapper gb-button-wrapper-a7e528f8\">\n<a class=\"gb-button gb-button-164d97c4 gb-button-text\" href=\"https:\/\/withnorwegianeyes.com\/no\/omtale-tuddal-hoyfjellshotell\/\">LES MER<\/a>\n<\/div>\n<\/div><\/div><\/div>\n\n<div class=\"gb-grid-column gb-grid-column-9d4784b5 gb-query-loop-item post-1476 post type-post status-publish format-standard has-post-thumbnail hentry category-ukategorisert tag-norway tag-sleep\"><div class=\"gb-container gb-container-9d4784b5\"><div class=\"gb-inside-container\">\n<figure class=\"gb-block-image gb-block-image-1a273537\"><a href=\"https:\/\/withnorwegianeyes.com\/no\/omtale-valldal-fjordhotell\/\"><img loading=\"lazy\" decoding=\"async\" width=\"300\" height=\"200\" src=\"https:\/\/withnorwegianeyes.com\/wp-content\/uploads\/2018\/02\/DJI_0291-300x200.jpg\" class=\"gb-image-1a273537\" alt=\"\" srcset=\"https:\/\/withnorwegianeyes.com\/wp-content\/uploads\/2018\/02\/DJI_0291-300x200.jpg 300w, https:\/\/withnorwegianeyes.com\/wp-content\/uploads\/2018\/02\/DJI_0291-1024x682.jpg 1024w, https:\/\/withnorwegianeyes.com\/wp-content\/uploads\/2018\/02\/DJI_0291-768x512.jpg 768w, https:\/\/withnorwegianeyes.com\/wp-content\/uploads\/2018\/02\/DJI_0291.jpg 1280w\" sizes=\"(max-width: 300px) 100vw, 300px\" \/><\/a><\/figure>\n\n<h3 class=\"gb-headline gb-headline-2f24cb3f gb-headline-text\"><a href=\"https:\/\/withnorwegianeyes.com\/no\/omtale-valldal-fjordhotell\/\">Omtale: Valldal Fjordhotell \u2013 Et flott hotell i spektakul\u00e6re omgivelser<\/a><\/h3>\n\n<div class=\"gb-button-wrapper gb-button-wrapper-a7e528f8\">\n<a class=\"gb-button gb-button-164d97c4 gb-button-text\" href=\"https:\/\/withnorwegianeyes.com\/no\/omtale-valldal-fjordhotell\/\">LES MER<\/a>\n<\/div>\n<\/div><\/div><\/div>\n\n<div class=\"gb-grid-column gb-grid-column-9d4784b5 gb-query-loop-item post-1909 post type-post status-publish format-standard has-post-thumbnail hentry category-ukategorisert tag-norway tag-sleep\"><div class=\"gb-container gb-container-9d4784b5\"><div class=\"gb-inside-container\">\n<figure class=\"gb-block-image gb-block-image-1a273537\"><a href=\"https:\/\/withnorwegianeyes.com\/no\/omtale-clarion-hotel-air\/\"><img loading=\"lazy\" decoding=\"async\" width=\"300\" height=\"200\" src=\"https:\/\/withnorwegianeyes.com\/wp-content\/uploads\/2017\/05\/Clarion-Hotel-Air-1-av-1-300x200.jpg\" class=\"gb-image-1a273537\" alt=\"\" srcset=\"https:\/\/withnorwegianeyes.com\/wp-content\/uploads\/2017\/05\/Clarion-Hotel-Air-1-av-1-300x200.jpg 300w, https:\/\/withnorwegianeyes.com\/wp-content\/uploads\/2017\/05\/Clarion-Hotel-Air-1-av-1-1024x682.jpg 1024w, https:\/\/withnorwegianeyes.com\/wp-content\/uploads\/2017\/05\/Clarion-Hotel-Air-1-av-1-768x512.jpg 768w, https:\/\/withnorwegianeyes.com\/wp-content\/uploads\/2017\/05\/Clarion-Hotel-Air-1-av-1.jpg 1280w\" sizes=\"(max-width: 300px) 100vw, 300px\" \/><\/a><\/figure>\n\n<h3 class=\"gb-headline gb-headline-2f24cb3f gb-headline-text\"><a href=\"https:\/\/withnorwegianeyes.com\/no\/omtale-clarion-hotel-air\/\">Omtale: Et meget komfortabelt opphold p\u00e5 Clarion Hotel Air<\/a><\/h3>\n\n<div class=\"gb-button-wrapper gb-button-wrapper-a7e528f8\">\n<a class=\"gb-button gb-button-164d97c4 gb-button-text\" href=\"https:\/\/withnorwegianeyes.com\/no\/omtale-clarion-hotel-air\/\">LES MER<\/a>\n<\/div>\n<\/div><\/div><\/div>\n\n<div class=\"gb-grid-column gb-grid-column-9d4784b5 gb-query-loop-item post-1314 post type-post status-publish format-standard has-post-thumbnail hentry category-ukategorisert tag-64 tag-61 tag-63 tag-europe tag-gre tag-sleep\"><div class=\"gb-container gb-container-9d4784b5\"><div class=\"gb-inside-container\">\n<figure class=\"gb-block-image gb-block-image-1a273537\"><a href=\"https:\/\/withnorwegianeyes.com\/no\/omtale-samaria-hotel\/\"><img loading=\"lazy\" decoding=\"async\" width=\"300\" height=\"200\" src=\"https:\/\/withnorwegianeyes.com\/wp-content\/uploads\/2017\/05\/Samaria-Hotel-1-av-1-300x200.jpg\" class=\"gb-image-1a273537\" alt=\"\" srcset=\"https:\/\/withnorwegianeyes.com\/wp-content\/uploads\/2017\/05\/Samaria-Hotel-1-av-1-300x200.jpg 300w, https:\/\/withnorwegianeyes.com\/wp-content\/uploads\/2017\/05\/Samaria-Hotel-1-av-1-1024x682.jpg 1024w, https:\/\/withnorwegianeyes.com\/wp-content\/uploads\/2017\/05\/Samaria-Hotel-1-av-1-768x512.jpg 768w, https:\/\/withnorwegianeyes.com\/wp-content\/uploads\/2017\/05\/Samaria-Hotel-1-av-1.jpg 1280w\" sizes=\"(max-width: 300px) 100vw, 300px\" \/><\/a><\/figure>\n\n<h3 class=\"gb-headline gb-headline-2f24cb3f gb-headline-text\"><a href=\"https:\/\/withnorwegianeyes.com\/no\/omtale-samaria-hotel\/\">Omtale: Samaria Hotel \u2013 En fredelig oase i Chania by<\/a><\/h3>\n\n<div class=\"gb-button-wrapper gb-button-wrapper-a7e528f8\">\n<a class=\"gb-button gb-button-164d97c4 gb-button-text\" href=\"https:\/\/withnorwegianeyes.com\/no\/omtale-samaria-hotel\/\">LES MER<\/a>\n<\/div>\n<\/div><\/div><\/div>\n\n<div class=\"gb-grid-column gb-grid-column-9d4784b5 gb-query-loop-item post-873 post type-post status-publish format-standard has-post-thumbnail hentry category-uncategorized tag-53 tag-57 tag-norway tag-sleep\"><div class=\"gb-container gb-container-9d4784b5\"><div class=\"gb-inside-container\">\n<figure class=\"gb-block-image gb-block-image-1a273537\"><a href=\"https:\/\/withnorwegianeyes.com\/no\/anmeldelse-losby-gods\/\"><img loading=\"lazy\" decoding=\"async\" width=\"300\" height=\"200\" src=\"https:\/\/withnorwegianeyes.com\/wp-content\/uploads\/2017\/05\/Losby-Gods-1-av-1-300x200.jpg\" class=\"gb-image-1a273537\" alt=\"\" srcset=\"https:\/\/withnorwegianeyes.com\/wp-content\/uploads\/2017\/05\/Losby-Gods-1-av-1-300x200.jpg 300w, https:\/\/withnorwegianeyes.com\/wp-content\/uploads\/2017\/05\/Losby-Gods-1-av-1-1024x682.jpg 1024w, https:\/\/withnorwegianeyes.com\/wp-content\/uploads\/2017\/05\/Losby-Gods-1-av-1-768x512.jpg 768w, https:\/\/withnorwegianeyes.com\/wp-content\/uploads\/2017\/05\/Losby-Gods-1-av-1.jpg 1280w\" sizes=\"(max-width: 300px) 100vw, 300px\" \/><\/a><\/figure>\n\n<h3 class=\"gb-headline gb-headline-2f24cb3f gb-headline-text\"><a href=\"https:\/\/withnorwegianeyes.com\/no\/anmeldelse-losby-gods\/\">Anmeldelse: Losby Gods \u2013 Jaktslottet i \u00d8stmarka<\/a><\/h3>\n\n<div class=\"gb-button-wrapper gb-button-wrapper-a7e528f8\">\n<a class=\"gb-button gb-button-164d97c4 gb-button-text\" href=\"https:\/\/withnorwegianeyes.com\/no\/anmeldelse-losby-gods\/\">LES MER<\/a>\n<\/div>\n<\/div><\/div><\/div>\n\n<div class=\"gb-grid-column gb-grid-column-9d4784b5 gb-query-loop-item post-403 post type-post status-publish format-standard has-post-thumbnail hentry category-uncategorized tag-61 tag-62 tag-63 tag-36 tag-europe tag-gre tag-sleep\"><div class=\"gb-container gb-container-9d4784b5\"><div class=\"gb-inside-container\">\n<figure class=\"gb-block-image gb-block-image-1a273537\"><a href=\"https:\/\/withnorwegianeyes.com\/no\/atlantica-kalliston-resort-and-spa\/\"><img loading=\"lazy\" decoding=\"async\" width=\"300\" height=\"200\" src=\"https:\/\/withnorwegianeyes.com\/wp-content\/uploads\/2017\/05\/Sensimar-Kalliston-1-av-1-300x200.jpg\" class=\"gb-image-1a273537\" alt=\"\" srcset=\"https:\/\/withnorwegianeyes.com\/wp-content\/uploads\/2017\/05\/Sensimar-Kalliston-1-av-1-300x200.jpg 300w, https:\/\/withnorwegianeyes.com\/wp-content\/uploads\/2017\/05\/Sensimar-Kalliston-1-av-1-1024x682.jpg 1024w, https:\/\/withnorwegianeyes.com\/wp-content\/uploads\/2017\/05\/Sensimar-Kalliston-1-av-1-768x512.jpg 768w, https:\/\/withnorwegianeyes.com\/wp-content\/uploads\/2017\/05\/Sensimar-Kalliston-1-av-1.jpg 1280w\" sizes=\"(max-width: 300px) 100vw, 300px\" \/><\/a><\/figure>\n\n<h3 class=\"gb-headline gb-headline-2f24cb3f gb-headline-text\"><a href=\"https:\/\/withnorwegianeyes.com\/no\/atlantica-kalliston-resort-and-spa\/\">Omtale: Et fantastisk opphold p\u00e5 Atlantica Kalliston Resort and Spa<\/a><\/h3>\n\n<div class=\"gb-button-wrapper gb-button-wrapper-a7e528f8\">\n<a class=\"gb-button gb-button-164d97c4 gb-button-text\" href=\"https:\/\/withnorwegianeyes.com\/no\/atlantica-kalliston-resort-and-spa\/\">LES MER<\/a>\n<\/div>\n<\/div><\/div><\/div>\n\n<div class=\"gb-grid-column gb-grid-column-9d4784b5 gb-query-loop-item post-749 post type-post status-publish format-standard has-post-thumbnail hentry category-uncategorized tag-56 tag-57 tag-do tag-norway tag-sleep\"><div class=\"gb-container gb-container-9d4784b5\"><div class=\"gb-inside-container\">\n<figure class=\"gb-block-image gb-block-image-1a273537\"><a href=\"https:\/\/withnorwegianeyes.com\/no\/glamping-paa-hadeland\/\"><img loading=\"lazy\" decoding=\"async\" width=\"300\" height=\"200\" src=\"https:\/\/withnorwegianeyes.com\/wp-content\/uploads\/2017\/05\/Glamping-pa-Hadeland-1-av-1-300x200.jpg\" class=\"gb-image-1a273537\" alt=\"\" srcset=\"https:\/\/withnorwegianeyes.com\/wp-content\/uploads\/2017\/05\/Glamping-pa-Hadeland-1-av-1-300x200.jpg 300w, https:\/\/withnorwegianeyes.com\/wp-content\/uploads\/2017\/05\/Glamping-pa-Hadeland-1-av-1-1024x682.jpg 1024w, https:\/\/withnorwegianeyes.com\/wp-content\/uploads\/2017\/05\/Glamping-pa-Hadeland-1-av-1-768x512.jpg 768w, https:\/\/withnorwegianeyes.com\/wp-content\/uploads\/2017\/05\/Glamping-pa-Hadeland-1-av-1.jpg 1280w\" sizes=\"(max-width: 300px) 100vw, 300px\" \/><\/a><\/figure>\n\n<h3 class=\"gb-headline gb-headline-2f24cb3f gb-headline-text\"><a href=\"https:\/\/withnorwegianeyes.com\/no\/glamping-paa-hadeland\/\">Hadeland: Glamping ved Thorbj\u00f8rnrud Hotell<\/a><\/h3>\n\n<div class=\"gb-button-wrapper gb-button-wrapper-a7e528f8\">\n<a class=\"gb-button gb-button-164d97c4 gb-button-text\" href=\"https:\/\/withnorwegianeyes.com\/no\/glamping-paa-hadeland\/\">LES MER<\/a>\n<\/div>\n<\/div><\/div><\/div>\n\n<div class=\"gb-grid-column gb-grid-column-9d4784b5 gb-query-loop-item post-64 post type-post status-publish format-standard has-post-thumbnail hentry category-uncategorized tag-norway tag-sleep\"><div class=\"gb-container gb-container-9d4784b5\"><div class=\"gb-inside-container\">\n<figure class=\"gb-block-image gb-block-image-1a273537\"><a href=\"https:\/\/withnorwegianeyes.com\/no\/stotvig-hotell-velvaere-paa-larkollen\/\"><img loading=\"lazy\" decoding=\"async\" width=\"300\" height=\"187\" src=\"https:\/\/withnorwegianeyes.com\/wp-content\/uploads\/2017\/05\/Stotvig-Hotel-Velvaere-pa-Larkollen-1-av-1-300x187.jpg\" class=\"gb-image-1a273537\" alt=\"\" srcset=\"https:\/\/withnorwegianeyes.com\/wp-content\/uploads\/2017\/05\/Stotvig-Hotel-Velvaere-pa-Larkollen-1-av-1-300x187.jpg 300w, https:\/\/withnorwegianeyes.com\/wp-content\/uploads\/2017\/05\/Stotvig-Hotel-Velvaere-pa-Larkollen-1-av-1-1024x640.jpg 1024w, https:\/\/withnorwegianeyes.com\/wp-content\/uploads\/2017\/05\/Stotvig-Hotel-Velvaere-pa-Larkollen-1-av-1-768x480.jpg 768w, https:\/\/withnorwegianeyes.com\/wp-content\/uploads\/2017\/05\/Stotvig-Hotel-Velvaere-pa-Larkollen-1-av-1.jpg 1125w\" sizes=\"(max-width: 300px) 100vw, 300px\" \/><\/a><\/figure>\n\n<h3 class=\"gb-headline gb-headline-2f24cb3f gb-headline-text\"><a href=\"https:\/\/withnorwegianeyes.com\/no\/stotvig-hotell-velvaere-paa-larkollen\/\">Omtale: St\u00f8tvig Hotel \u2013 Velv\u00e6re p\u00e5 Larkollen<\/a><\/h3>\n\n<div class=\"gb-button-wrapper gb-button-wrapper-a7e528f8\">\n<a class=\"gb-button gb-button-164d97c4 gb-button-text\" href=\"https:\/\/withnorwegianeyes.com\/no\/stotvig-hotell-velvaere-paa-larkollen\/\">LES MER<\/a>\n<\/div>\n<\/div><\/div><\/div>\n<\/div>\n\n<\/div>","protected":false},"excerpt":{"rendered":"","protected":false},"author":1,"featured_media":0,"parent":0,"menu_order":0,"comment_status":"closed","ping_status":"closed","template":"","meta":{"footnotes":""},"translation":{"provider":"WPGlobus","version":"2.12.2","language":"no","enabled_languages":["en","no"],"languages":{"en":{"title":true,"content":true,"excerpt":false},"no":{"title":true,"content":true,"excerpt":false}}},"_links":{"self":[{"href":"https:\/\/withnorwegianeyes.com\/no\/wp-json\/wp\/v2\/pages\/3877"}],"collection":[{"href":"https:\/\/withnorwegianeyes.com\/no\/wp-json\/wp\/v2\/pages"}],"about":[{"href":"https:\/\/withnorwegianeyes.com\/no\/wp-json\/wp\/v2\/types\/page"}],"author":[{"embeddable":true,"href":"https:\/\/withnorwegianeyes.com\/no\/wp-json\/wp\/v2\/users\/1"}],"replies":[{"embeddable":true,"href":"https:\/\/withnorwegianeyes.com\/no\/wp-json\/wp\/v2\/comments?post=3877"}],"version-history":[{"count":32,"href":"https:\/\/withnorwegianeyes.com\/no\/wp-json\/wp\/v2\/pages\/3877\/revisions"}],"predecessor-version":[{"id":20671,"href":"https:\/\/withnorwegianeyes.com\/no\/wp-json\/wp\/v2\/pages\/3877\/revisions\/20671"}],"wp:attachment":[{"href":"https:\/\/withnorwegianeyes.com\/no\/wp-json\/wp\/v2\/media?parent=3877"}],"curies":[{"name":"wp","href":"https:\/\/api.w.org\/{rel}","templated":true}]}}