{"id":293,"date":"2017-06-20T16:08:19","date_gmt":"2017-06-20T16:08:19","guid":{"rendered":"http:\/\/withnorwegianeyes.com\/?page_id=293"},"modified":"2023-03-29T19:08:58","modified_gmt":"2023-03-29T18:08:58","slug":"contact-us","status":"publish","type":"page","link":"https:\/\/withnorwegianeyes.com\/no\/kontakt-oss\/","title":{"rendered":"Kontakt With Norwegian Eyes"},"content":{"rendered":"<div class=\"gb-container gb-container-dfcd653d\">\n<div class=\"gb-container gb-container-05990319\">\n<div class=\"gb-grid-wrapper gb-grid-wrapper-ec83fe61\">\n<div class=\"gb-grid-column gb-grid-column-1fc6ecf0\"><div class=\"gb-container gb-container-1fc6ecf0\">\n\n<figure class=\"wp-block-image\"><img loading=\"lazy\" decoding=\"async\" width=\"1280\" height=\"867\" src=\"https:\/\/withnorwegianeyes.com\/wp-content\/uploads\/2018\/06\/IMG_3579.jpg\" alt=\"With Norwegian Eyes visittkort\" class=\"wp-image-4781\" srcset=\"https:\/\/withnorwegianeyes.com\/wp-content\/uploads\/2018\/06\/IMG_3579.jpg 1280w, https:\/\/withnorwegianeyes.com\/wp-content\/uploads\/2018\/06\/IMG_3579-300x203.jpg 300w, https:\/\/withnorwegianeyes.com\/wp-content\/uploads\/2018\/06\/IMG_3579-1024x694.jpg 1024w, https:\/\/withnorwegianeyes.com\/wp-content\/uploads\/2018\/06\/IMG_3579-768x520.jpg 768w\" sizes=\"(max-width: 1280px) 100vw, 1280px\" \/><\/figure>\n\n\n\n<p><span style=\"font-size: 16px;\"><\/span><\/p>\n\n\n\n<p><span style=\"font-size: 16px;\">Har du sp\u00f8rsm\u00e5l, forslag til reisem\u00e5l eller \u00f8nsker du \u00e5 samarbeide med oss? <\/span><\/p>\n\n\n\n<p><a style=\"color: #118177;\" href=\"mailto: contact@withnorwegianeyes.com\"><span style=\"text-decoration: underline;\">Vi h\u00f8rer gjerne fra deg<\/span><\/a><span style=\"font-size: 16px;\">!&nbsp;<\/span><\/p>\n\n<\/div><\/div>\n<\/div>\n<\/div>\n<\/div>","protected":false},"excerpt":{"rendered":"","protected":false},"author":1,"featured_media":0,"parent":0,"menu_order":0,"comment_status":"closed","ping_status":"closed","template":"","meta":{"footnotes":""},"translation":{"provider":"WPGlobus","version":"2.12.2","language":"no","enabled_languages":["en","no"],"languages":{"en":{"title":true,"content":true,"excerpt":false},"no":{"title":true,"content":true,"excerpt":false}}},"_links":{"self":[{"href":"https:\/\/withnorwegianeyes.com\/no\/wp-json\/wp\/v2\/pages\/293"}],"collection":[{"href":"https:\/\/withnorwegianeyes.com\/no\/wp-json\/wp\/v2\/pages"}],"about":[{"href":"https:\/\/withnorwegianeyes.com\/no\/wp-json\/wp\/v2\/types\/page"}],"author":[{"embeddable":true,"href":"https:\/\/withnorwegianeyes.com\/no\/wp-json\/wp\/v2\/users\/1"}],"replies":[{"embeddable":true,"href":"https:\/\/withnorwegianeyes.com\/no\/wp-json\/wp\/v2\/comments?post=293"}],"version-history":[{"count":10,"href":"https:\/\/withnorwegianeyes.com\/no\/wp-json\/wp\/v2\/pages\/293\/revisions"}],"predecessor-version":[{"id":18661,"href":"https:\/\/withnorwegianeyes.com\/no\/wp-json\/wp\/v2\/pages\/293\/revisions\/18661"}],"wp:attachment":[{"href":"https:\/\/withnorwegianeyes.com\/no\/wp-json\/wp\/v2\/media?parent=293"}],"curies":[{"name":"wp","href":"https:\/\/api.w.org\/{rel}","templated":true}]}}