{"id":19371,"date":"2023-05-14T15:25:34","date_gmt":"2023-05-14T14:25:34","guid":{"rendered":"https:\/\/withnorwegianeyes.com\/?page_id=19371"},"modified":"2026-01-06T11:27:20","modified_gmt":"2026-01-06T10:27:20","slug":"support-us","status":"publish","type":"page","link":"https:\/\/withnorwegianeyes.com\/no\/stott-oss\/","title":{"rendered":"Vil du st\u00f8tte bloggen v\u00e5r?"},"content":{"rendered":"<div class=\"gb-container gb-container-dfcd653d\">\n<div class=\"gb-container gb-container-05990319\">\n<div class=\"gb-grid-wrapper gb-grid-wrapper-ec83fe61\">\n<div class=\"gb-grid-column gb-grid-column-1fc6ecf0\"><div class=\"gb-container gb-container-1fc6ecf0\">\n\n<p class=\"gb-headline gb-headline-9feed8e4 gb-headline-text\"><em>Innlegget inneholder reklame gjennom annonselenker for Surfshark, Hotels.com, ApotekHjem, Bookbeat, Nextory, Telia, Strim, Viaplay, Vy Buss, OneCall, Testen.no, Tibber<\/em><\/p>\n\n\n\n<p>Hei alle lesere!<\/p>\n\n\n\n<p>P\u00e5 WithNorwegianEyes.com deler vi reisetips og inspirasjon til destinasjoner b\u00e5de n\u00e6r og fjern. Vi tar aldri betalt for innholdet vi deler, og har ingen planer om \u00e5 begynne med det heller. Det koster imidlertid b\u00e5de tid og penger \u00e5 drive bloggen. Vi setter derfor enormt stor pris p\u00e5 om du vil st\u00f8tte arbeidet vi legger ned ved \u00e5 bruke annonselenkene under, dersom du uansett planlegger \u00e5 gj\u00f8re noen kj\u00f8p p\u00e5 nettet. P\u00e5 den m\u00e5ten f\u00e5r vi en liten godtgj\u00f8relse, uten at det koster deg noe ekstra.<\/p>\n\n\n\n<p><strong><a href=\"https:\/\/get.surfshark.net\/aff_c?offer_id=926&amp;aff_id=19676\">1. Oppgrader din online sikkerhet med Surfshark VPN<\/a><\/strong><\/p>\n\n\n\n<p>Som reiselystne forst\u00e5r vi viktigheten av en sikker og stabil internettforbindelse. Surfshark VPN er en tjeneste som hjelper med \u00e5 beskytte din internettforbindelse og personvern p\u00e5 nett ved \u00e5 kryptere dataene dine og skjule din virtuelle plassering, som en sikker tunnel for dine online aktiviteter. <\/p>\n\n\n\n<p>Her er hva du f\u00e5r n\u00e5r du velger Surfshark:<\/p>\n\n\n\n<ul>\n<li>En 82% rabatt p\u00e5 deres VPN-tjeneste, pluss 2 m\u00e5neder gratis for en begrenset tid.<\/li>\n\n\n\n<li>Eksklusiv VPN-teknologi for forbedret stabilitet og hastighet.<\/li>\n\n\n\n<li>10 GBit serverforbindelser over 100 land.<\/li>\n\n\n\n<li>En surfeopplevelse fri for annonser, sporing og cookie pop-ups.<\/li>\n\n\n\n<li>24\/7 support og tofaktorautentisering for ekstra sikkerhet.<\/li>\n\n\n\n<li>Ubegrenset enhetsdekning under en enkelt abonnement.<\/li>\n<\/ul>\n\n\n\n<p>Klikk p\u00e5 <a href=\"https:\/\/get.surfshark.net\/aff_c?offer_id=926&amp;aff_id=19676\">denne linken<\/a> for \u00e5 sikre ditt digitale liv med Surfshark.<\/p>\n\n\n\n<p><strong><a href=\"https:\/\/www.hotels.com\/affiliate\/OYzIUTk\">2. Bestill din neste tur med Hotels.com<\/a><\/strong><\/p>\n\n\n\n<p>Klar for \u00e5 utforske Norge eller et annet sted i verden som har fanget ditt hjerte? Gj\u00f8r dine bestillinger gjennom <a href=\"https:\/\/www.hotels.com\/affiliate\/OYzIUTk\">v\u00e5r Hotels.com affiliate link<\/a>. Din bestilling st\u00f8tter bloggen v\u00e5r uten at det koster deg en ekstra krone.<\/p>\n\n\n\n<p><strong><a href=\"https:\/\/track.adtraction.com\/t\/t?a=1476697392&amp;as=1688240380&amp;t=2&amp;tk=1\">3. Handle helseprodukter hos Apotekhjem<\/a><\/strong><\/p>\n\n\n\n<p>Apotekhjem er nettbutikken til Fyrstikktorget apotek for forbrukere. Her kan du kj\u00f8pe n\u00e6rmest alle reseptfrie apotekvarer som er tillatt omsatt i Norge og en rekke andre varer for mennesker og dyr. <a href=\"https:\/\/track.adtraction.com\/t\/t?a=1476697392&amp;as=1688240380&amp;t=2&amp;tk=1\">Klikk her for \u00e5 handle hos Apotekhjem<\/a>.<\/p>\n\n\n\n<p><strong><a href=\"https:\/\/pin.bookbeat.no\/t\/t?a=1676153482&amp;as=1688240380&amp;t=2&amp;tk=1\">4. Lytt til B\u00f8ker med BookBeat<\/a><\/strong><\/p>\n\n\n\n<p>BookBeat er en lydbok-app hvor du kan str\u00f8mme over tusenvis av lydb\u00f8ker direkte p\u00e5 mobilen. Med et enormt utvalg av titler p\u00e5 forskjellige spr\u00e5k og sjangre, er det alltid noe nytt \u00e5 oppdage. Last ned appen, begynn gratis pr\u00f8veperiode og start ditt nye eventyr med BookBeat ved \u00e5 klikke p\u00e5 <a href=\"https:\/\/pin.bookbeat.no\/t\/t?a=1676153482&amp;as=1688240380&amp;t=2&amp;tk=1\">v\u00e5r affiliate link her<\/a>. <\/p>\n\n\n\n<p><strong><a href=\"https:\/\/pin.nextory.no\/t\/t?a=1576770926&amp;as=1688240380&amp;t=2&amp;tk=1\">5. Utforsk en verden av lyd- og e-b\u00f8ker med Nextory <\/a><\/strong><\/p>\n\n\n\n<p>Nextory tilbyr markedets st\u00f8rste utvalg av lyd- og e-b\u00f8ker. For en fast m\u00e5nedspris, kan du lese og lytte til s\u00e5 mange b\u00f8ker du \u00f8nsker, online eller offline. St\u00f8tt oss ved \u00e5 pr\u00f8ve Nextory gratis i 14 dager ved \u00e5 bruke v\u00e5r <a href=\"https:\/\/pin.nextory.no\/t\/t?a=1576770926&amp;as=1688240380&amp;t=2&amp;tk=1\">affiliate link her<\/a>.<\/p>\n\n\n\n<p><strong><a href=\"https:\/\/track.adtraction.com\/t\/t?a=1531119146&amp;as=1688240380&amp;t=2&amp;tk=1\">6. Underholdning med Viaplay <\/a><\/strong><\/p>\n\n\n\n<p>Hos Viaplay kan du se filmer, serier, barnas favoritter og sport, enten online eller offline, p\u00e5 en rekke forskjellige enheter. Du kan avslutte n\u00e5r du vil, og som affiliate f\u00e5r du provisjon p\u00e5 alt fra leie &amp; kj\u00f8p av film, til forskjellige abonnementer. St\u00f8tt oss ved \u00e5 pr\u00f8ve Viaplay via <a href=\"https:\/\/track.adtraction.com\/t\/t?a=1531119146&amp;as=1688240380&amp;t=2&amp;tk=1\">v\u00e5r affiliate link her<\/a>.<\/p>\n\n\n\n<p><strong><a href=\"https:\/\/ion.vybuss.no\/t\/t?a=1754400251&amp;as=1688240380&amp;t=2&amp;tk=1\">7. Reis Milj\u00f8vennlig med Vy Buss <\/a><\/strong><\/p>\n\n\n\n<p>Vy Buss er Norges st\u00f8rste busselskap som tilbyr milj\u00f8vennlige transportl\u00f8sninger over hele landet. St\u00f8tt oss ved \u00e5 bestille din neste reise med Vy Buss via <a href=\"https:\/\/ion.vybuss.no\/t\/t?a=1754400251&amp;as=1688240380&amp;t=2&amp;tk=1\">v\u00e5r affiliate link her<\/a>.<\/p>\n\n\n\n<p><strong><a href=\"https:\/\/ion.onecall.no\/t\/t?a=1640334341&amp;as=1688240380&amp;t=2&amp;tk=1\">8. Mobilabonnement med OneCall<\/a><\/strong><\/p>\n\n\n\n<p>OneCall er kjent for sin prisvinnende kundeservice og har Norges mest forn\u00f8yde mobilkunder. De tilbyr et utvalg av pakker som er tilpasset ulike behov:<\/p>\n\n\n\n<ul>\n<li>Pr\u00f8vekj\u00f8p: En fleksibel m\u00e5te \u00e5 teste OneCall&#8217;s tjenester p\u00e5.<\/li>\n\n\n\n<li>FolkePakka: En allsidig pakke som passer de fleste, med god balanse mellom data, samtaler og SMS.<\/li>\n\n\n\n<li>FamiliePakka: Ideell for familier som \u00f8nsker \u00e5 samle alle sine mobilabonnement p\u00e5 ett sted og spare penger.<\/li>\n<\/ul>\n\n\n\n<p>St\u00f8tt oss ved \u00e5 velge ditt neste mobilabonnement fra OneCall gjennom v\u00e5r <a href=\"https:\/\/ion.onecall.no\/t\/t?a=1640334341&amp;as=1688240380&amp;t=2&amp;tk=1\">affiliate-link her<\/a>.<\/p>\n\n\n\n<p><strong><a href=\"https:\/\/ion.strim.no\/t\/t?a=1587005581&amp;as=1688240380&amp;t=2&amp;tk=1\">9. Pr\u00f8v Strim \u2013 En Alt-i-\u00c9n TV- og Str\u00f8mmetjeneste<\/a><\/strong><\/p>\n\n\n\n<p>Med Strim f\u00e5r du enkel tilgang til alt fra TV, filmer, serier til sport, inkludert Premier League, UEFA Champions League, Eliteserien, Formel 1, og vintersport \u2013 alt samlet p\u00e5 ett sted. I tillegg til \u00e5 tilby Norges mest komplette TV- og str\u00f8mmetjeneste, gj\u00f8r Strim det enkelt \u00e5 se innholdet du elsker p\u00e5 forskjellige enheter, som app, nett, Chromecast, Apple TV, Android-TV, Samsung Smart TV, og LG TV. <a href=\"https:\/\/ion.strim.no\/t\/t?a=1587005581&amp;as=1688240380&amp;t=2&amp;tk=1\">Bestill Stim-abonnement gjennom v\u00e5r affiliate link her.<\/a><\/p>\n\n\n\n<p><strong><a href=\"https:\/\/dot.testen.no\/t\/t?a=1844918698&amp;as=1688240380&amp;t=2&amp;tk=1\" target=\"_blank\" rel=\"noreferrer noopener\">10.  Forbered deg til teoripr\u00f8ven med Testen.no<\/a><\/strong><\/p>\n\n\n\n<p>St\u00e5r teoripr\u00f8ven for d\u00f8r, og f\u00f8ler du deg usikker? Testen.no er l\u00f8sningen! Med en brukervennlig plattform som gj\u00f8r l\u00e6ring til en lek gjennom minispill og quiz, hever Testen.no sjansene dine for \u00e5 best\u00e5. Med over 3000 sp\u00f8rsm\u00e5l til bil, MC og moped, tilpasser deres AI ditt l\u00e6ringsl\u00f8p. Forvandle pugging til produktiv l\u00e6ring og st\u00f8tt oss samtidig <a href=\"https:\/\/dot.testen.no\/t\/t?a=1844918698&amp;as=1688240380&amp;t=2&amp;tk=1\" target=\"_blank\" rel=\"noreferrer noopener\">ved \u00e5 bruke v\u00e5r affiliate link for \u00e5 registrere deg hos Testen.no.<\/a><\/p>\n\n\n\n<p><strong><a href=\"https:\/\/track.adtraction.com\/t\/t?a=1825795682&amp;as=1688240380&amp;t=2&amp;tk=1\" target=\"_blank\" rel=\"noreferrer noopener\">11. Smart str\u00f8m med Tibber<\/a><\/strong><\/p>\n\n\n\n<p>Gj\u00f8r hjemmet smartere med Tibber! Tibber gir deg verkt\u00f8yene for \u00e5 redusere det. Med deres app f\u00e5r du innsikt i str\u00f8mpriser og forbruk, pluss smarte l\u00f8sninger som elbil-lading til laveste pris og varmestyring. Oppdag smarte gadgets i Tibber Store for \u00e5 kutte kostnader ytterligere. Ingen bindingstid og topp kundetilfredshet. Bli smartere med str\u00f8m og <a href=\"https:\/\/track.adtraction.com\/t\/t?a=1825795682&amp;as=1688240380&amp;t=2&amp;tk=1\">st\u00f8tt v\u00e5r blogg ved \u00e5 melde deg inn via v\u00e5r affiliate link<\/a>.<\/p>\n\n\n\n<p><strong><a href=\"https:\/\/in.jaktogfriluft.no\/t\/t?a=1593870376&amp;as=1688240380&amp;t=2&amp;tk=1\">12. Utstyr for naturelskere hos Jakt &amp; Friluft<\/a><\/strong><\/p>\n\n\n\n<p>For alle naturentusiaster \u2013 Jakt &amp; Friluft tilbyr et av Norges bredeste utvalg innen jakt, fiske, og friluftsliv. Utforsk kvalitetsutstyr fra topp produsenter til konkurransedyktige priser. Enten du er jeger, fisker eller friluftsentusiast, finner du alt du trenger p\u00e5 ett sted. <a href=\"https:\/\/in.jaktogfriluft.no\/t\/t?a=1593870376&amp;as=1688240380&amp;t=2&amp;tk=1\" target=\"_blank\" rel=\"noreferrer noopener\">St\u00f8tt v\u00e5r blogg ved \u00e5 utforske deres unike utvalg gjennom v\u00e5r affiliate link<\/a>.<\/p>\n\n<\/div><\/div>\n<\/div>\n<\/div>\n<\/div>","protected":false},"excerpt":{"rendered":"","protected":false},"author":1,"featured_media":0,"parent":0,"menu_order":0,"comment_status":"closed","ping_status":"closed","template":"","meta":{"footnotes":""},"translation":{"provider":"WPGlobus","version":"2.12.2","language":"no","enabled_languages":["en","no"],"languages":{"en":{"title":true,"content":true,"excerpt":false},"no":{"title":true,"content":true,"excerpt":false}}},"_links":{"self":[{"href":"https:\/\/withnorwegianeyes.com\/no\/wp-json\/wp\/v2\/pages\/19371"}],"collection":[{"href":"https:\/\/withnorwegianeyes.com\/no\/wp-json\/wp\/v2\/pages"}],"about":[{"href":"https:\/\/withnorwegianeyes.com\/no\/wp-json\/wp\/v2\/types\/page"}],"author":[{"embeddable":true,"href":"https:\/\/withnorwegianeyes.com\/no\/wp-json\/wp\/v2\/users\/1"}],"replies":[{"embeddable":true,"href":"https:\/\/withnorwegianeyes.com\/no\/wp-json\/wp\/v2\/comments?post=19371"}],"version-history":[{"count":128,"href":"https:\/\/withnorwegianeyes.com\/no\/wp-json\/wp\/v2\/pages\/19371\/revisions"}],"predecessor-version":[{"id":20845,"href":"https:\/\/withnorwegianeyes.com\/no\/wp-json\/wp\/v2\/pages\/19371\/revisions\/20845"}],"wp:attachment":[{"href":"https:\/\/withnorwegianeyes.com\/no\/wp-json\/wp\/v2\/media?parent=19371"}],"curies":[{"name":"wp","href":"https:\/\/api.w.org\/{rel}","templated":true}]}}