{"id":12271,"date":"2019-12-18T08:44:31","date_gmt":"2019-12-18T07:44:31","guid":{"rendered":"https:\/\/withnorwegianeyes.com\/?page_id=12271"},"modified":"2024-02-18T10:05:05","modified_gmt":"2024-02-18T09:05:05","slug":"australia","status":"publish","type":"page","link":"https:\/\/withnorwegianeyes.com\/no\/australia\/","title":{"rendered":"Australia"},"content":{"rendered":"<div class=\"gb-container gb-container-99015307\">\n\n<div class=\"gb-grid-wrapper gb-grid-wrapper-e1533cb0 gb-query-loop-wrapper\">\n<div class=\"gb-grid-column gb-grid-column-9d4784b5 gb-query-loop-item post-15917 post type-post status-publish format-standard has-post-thumbnail hentry category-ukategorisert tag-103 tag-aus tag-lat tag-road\"><div class=\"gb-container gb-container-9d4784b5\"><div class=\"gb-inside-container\">\n<figure class=\"gb-block-image gb-block-image-1a273537\"><a href=\"https:\/\/withnorwegianeyes.com\/no\/reiserute-10-dagers-bilferie-cairns-far-north-queensland\/\"><img loading=\"lazy\" decoding=\"async\" width=\"300\" height=\"200\" src=\"https:\/\/withnorwegianeyes.com\/wp-content\/uploads\/2021\/01\/Road-trip-Cairns-1-av-1-300x200.jpeg\" class=\"gb-image-1a273537\" alt=\"\" srcset=\"https:\/\/withnorwegianeyes.com\/wp-content\/uploads\/2021\/01\/Road-trip-Cairns-1-av-1-300x200.jpeg 300w, https:\/\/withnorwegianeyes.com\/wp-content\/uploads\/2021\/01\/Road-trip-Cairns-1-av-1-1024x683.jpeg 1024w, https:\/\/withnorwegianeyes.com\/wp-content\/uploads\/2021\/01\/Road-trip-Cairns-1-av-1-768x512.jpeg 768w, https:\/\/withnorwegianeyes.com\/wp-content\/uploads\/2021\/01\/Road-trip-Cairns-1-av-1.jpeg 1280w\" sizes=\"(max-width: 300px) 100vw, 300px\" \/><\/a><\/figure>\n\n<h3 class=\"gb-headline gb-headline-2f24cb3f gb-headline-text\"><a href=\"https:\/\/withnorwegianeyes.com\/no\/reiserute-10-dagers-bilferie-cairns-far-north-queensland\/\">Bilferie i Cairns og Far North Queensland, Australia: En 10-dagers reiserute som passer perfekt for natur- og dyreelskere<\/a><\/h3>\n\n<div class=\"gb-headline gb-headline-7a58d999 gb-headline-text\"><time class=\"entry-date published\" datetime=\"2021-05-27T19:53:44+01:00\">mai 2021<\/time><\/div>\n\n<div class=\"gb-button-wrapper gb-button-wrapper-a7e528f8\">\n<a class=\"gb-button gb-button-164d97c4 gb-button-text\" href=\"https:\/\/withnorwegianeyes.com\/no\/reiserute-10-dagers-bilferie-cairns-far-north-queensland\/\">LES MER<\/a>\n<\/div>\n<\/div><\/div><\/div>\n\n<div class=\"gb-grid-column gb-grid-column-9d4784b5 gb-query-loop-item post-15722 post type-post status-publish format-standard has-post-thumbnail hentry category-ukategorisert tag-103 tag-123 tag-aus tag-lat tag-nature tag-road\"><div class=\"gb-container gb-container-9d4784b5\"><div class=\"gb-inside-container\">\n<figure class=\"gb-block-image gb-block-image-1a273537\"><a href=\"https:\/\/withnorwegianeyes.com\/no\/guide-praktisk-informasjon-tips-dagstur-cape-tribulation\/\"><img loading=\"lazy\" decoding=\"async\" width=\"300\" height=\"200\" src=\"https:\/\/withnorwegianeyes.com\/wp-content\/uploads\/2021\/01\/Cape-Tribulation-1-av-1-300x200.jpeg\" class=\"gb-image-1a273537\" alt=\"\" srcset=\"https:\/\/withnorwegianeyes.com\/wp-content\/uploads\/2021\/01\/Cape-Tribulation-1-av-1-300x200.jpeg 300w, https:\/\/withnorwegianeyes.com\/wp-content\/uploads\/2021\/01\/Cape-Tribulation-1-av-1-1024x683.jpeg 1024w, https:\/\/withnorwegianeyes.com\/wp-content\/uploads\/2021\/01\/Cape-Tribulation-1-av-1-768x512.jpeg 768w, https:\/\/withnorwegianeyes.com\/wp-content\/uploads\/2021\/01\/Cape-Tribulation-1-av-1.jpeg 1280w\" sizes=\"(max-width: 300px) 100vw, 300px\" \/><\/a><\/figure>\n\n<h3 class=\"gb-headline gb-headline-2f24cb3f gb-headline-text\"><a href=\"https:\/\/withnorwegianeyes.com\/no\/guide-praktisk-informasjon-tips-dagstur-cape-tribulation\/\">Guide: Praktisk informasjon og tips for \u00e5 planlegge en dagstur til Cape Tribulation<\/a><\/h3>\n\n<div class=\"gb-headline gb-headline-7a58d999 gb-headline-text\"><time class=\"entry-date published\" datetime=\"2021-02-25T19:03:47+01:00\">februar 2021<\/time><\/div>\n\n<div class=\"gb-button-wrapper gb-button-wrapper-a7e528f8\">\n<a class=\"gb-button gb-button-164d97c4 gb-button-text\" href=\"https:\/\/withnorwegianeyes.com\/no\/guide-praktisk-informasjon-tips-dagstur-cape-tribulation\/\">LES MER<\/a>\n<\/div>\n<\/div><\/div><\/div>\n\n<div class=\"gb-grid-column gb-grid-column-9d4784b5 gb-query-loop-item post-13662 post type-post status-publish format-standard has-post-thumbnail hentry category-ukategorisert tag-122 tag-123 tag-aus tag-sleep tag-world\"><div class=\"gb-container gb-container-9d4784b5\"><div class=\"gb-inside-container\">\n<figure class=\"gb-block-image gb-block-image-1a273537\"><a href=\"https:\/\/withnorwegianeyes.com\/no\/omtale-silky-oaks-lodge\/\"><img loading=\"lazy\" decoding=\"async\" width=\"300\" height=\"200\" src=\"https:\/\/withnorwegianeyes.com\/wp-content\/uploads\/2017\/05\/Silky-Oaks-Lodge-1-av-1-300x200.jpeg\" class=\"gb-image-1a273537\" alt=\"\" srcset=\"https:\/\/withnorwegianeyes.com\/wp-content\/uploads\/2017\/05\/Silky-Oaks-Lodge-1-av-1-300x200.jpeg 300w, https:\/\/withnorwegianeyes.com\/wp-content\/uploads\/2017\/05\/Silky-Oaks-Lodge-1-av-1-1024x683.jpeg 1024w, https:\/\/withnorwegianeyes.com\/wp-content\/uploads\/2017\/05\/Silky-Oaks-Lodge-1-av-1-768x512.jpeg 768w, https:\/\/withnorwegianeyes.com\/wp-content\/uploads\/2017\/05\/Silky-Oaks-Lodge-1-av-1.jpeg 1280w\" sizes=\"(max-width: 300px) 100vw, 300px\" \/><\/a><\/figure>\n\n<h3 class=\"gb-headline gb-headline-2f24cb3f gb-headline-text\"><a href=\"https:\/\/withnorwegianeyes.com\/no\/omtale-silky-oaks-lodge\/\">Omtale: Silky Oaks Lodge<\/a><\/h3>\n\n<div class=\"gb-headline gb-headline-7a58d999 gb-headline-text\"><time class=\"entry-date published\" datetime=\"2020-02-20T17:07:39+01:00\">februar 2020<\/time><\/div>\n\n<div class=\"gb-button-wrapper gb-button-wrapper-a7e528f8\">\n<a class=\"gb-button gb-button-164d97c4 gb-button-text\" href=\"https:\/\/withnorwegianeyes.com\/no\/omtale-silky-oaks-lodge\/\">LES MER<\/a>\n<\/div>\n<\/div><\/div><\/div>\n\n<div class=\"gb-grid-column gb-grid-column-9d4784b5 gb-query-loop-item post-12522 post type-post status-publish format-standard has-post-thumbnail hentry category-ukategorisert tag-103 tag-114 tag-122 tag-123 tag-aus tag-nature tag-world\"><div class=\"gb-container gb-container-9d4784b5\"><div class=\"gb-inside-container\">\n<figure class=\"gb-block-image gb-block-image-1a273537\"><a href=\"https:\/\/withnorwegianeyes.com\/no\/besok-paa-tolga-bat-hospital\/\"><img loading=\"lazy\" decoding=\"async\" width=\"300\" height=\"200\" src=\"https:\/\/withnorwegianeyes.com\/wp-content\/uploads\/2020\/01\/Tolga-Bat-Hospital-1-av-1-1-300x200.jpeg\" class=\"gb-image-1a273537\" alt=\"\" srcset=\"https:\/\/withnorwegianeyes.com\/wp-content\/uploads\/2020\/01\/Tolga-Bat-Hospital-1-av-1-1-300x200.jpeg 300w, https:\/\/withnorwegianeyes.com\/wp-content\/uploads\/2020\/01\/Tolga-Bat-Hospital-1-av-1-1-1024x683.jpeg 1024w, https:\/\/withnorwegianeyes.com\/wp-content\/uploads\/2020\/01\/Tolga-Bat-Hospital-1-av-1-1-768x512.jpeg 768w, https:\/\/withnorwegianeyes.com\/wp-content\/uploads\/2020\/01\/Tolga-Bat-Hospital-1-av-1-1.jpeg 1280w\" sizes=\"(max-width: 300px) 100vw, 300px\" \/><\/a><\/figure>\n\n<h3 class=\"gb-headline gb-headline-2f24cb3f gb-headline-text\"><a href=\"https:\/\/withnorwegianeyes.com\/no\/besok-paa-tolga-bat-hospital\/\">Fra frykt til fasinasjon: Et l\u00e6rerikt bes\u00f8k p\u00e5 flaggermussykehuset Tolga Bat Hospital<\/a><\/h3>\n\n<div class=\"gb-headline gb-headline-7a58d999 gb-headline-text\"><time class=\"entry-date published\" datetime=\"2020-01-13T13:08:06+01:00\">januar 2020<\/time><\/div>\n\n<div class=\"gb-button-wrapper gb-button-wrapper-a7e528f8\">\n<a class=\"gb-button gb-button-164d97c4 gb-button-text\" href=\"https:\/\/withnorwegianeyes.com\/no\/besok-paa-tolga-bat-hospital\/\">LES MER<\/a>\n<\/div>\n<\/div><\/div><\/div>\n\n<div class=\"gb-grid-column gb-grid-column-9d4784b5 gb-query-loop-item post-12091 post type-post status-publish format-standard has-post-thumbnail hentry category-ukategorisert tag-108 tag-114 tag-120 tag-122 tag-aus tag-do tag-nature tag-world\"><div class=\"gb-container gb-container-9d4784b5\"><div class=\"gb-inside-container\">\n<figure class=\"gb-block-image gb-block-image-1a273537\"><a href=\"https:\/\/withnorwegianeyes.com\/no\/besok-paa-the-kangaroo-sanctuary\/\"><img loading=\"lazy\" decoding=\"async\" width=\"300\" height=\"200\" src=\"https:\/\/withnorwegianeyes.com\/wp-content\/uploads\/2019\/12\/Kangaroo-Sanctuary-2-av-14-2-300x200.jpeg\" class=\"gb-image-1a273537\" alt=\"\" srcset=\"https:\/\/withnorwegianeyes.com\/wp-content\/uploads\/2019\/12\/Kangaroo-Sanctuary-2-av-14-2-300x200.jpeg 300w, https:\/\/withnorwegianeyes.com\/wp-content\/uploads\/2019\/12\/Kangaroo-Sanctuary-2-av-14-2-1024x683.jpeg 1024w, https:\/\/withnorwegianeyes.com\/wp-content\/uploads\/2019\/12\/Kangaroo-Sanctuary-2-av-14-2-768x512.jpeg 768w, https:\/\/withnorwegianeyes.com\/wp-content\/uploads\/2019\/12\/Kangaroo-Sanctuary-2-av-14-2.jpeg 1280w\" sizes=\"(max-width: 300px) 100vw, 300px\" \/><\/a><\/figure>\n\n<h3 class=\"gb-headline gb-headline-2f24cb3f gb-headline-text\"><a href=\"https:\/\/withnorwegianeyes.com\/no\/besok-paa-the-kangaroo-sanctuary\/\">Et uforglemmelig bes\u00f8k p\u00e5 The Kangaroo Sanctuary<\/a><\/h3>\n\n<div class=\"gb-headline gb-headline-7a58d999 gb-headline-text\"><time class=\"entry-date published\" datetime=\"2019-12-17T12:16:50+01:00\">desember 2019<\/time><\/div>\n\n<div class=\"gb-button-wrapper gb-button-wrapper-a7e528f8\">\n<a class=\"gb-button gb-button-164d97c4 gb-button-text\" href=\"https:\/\/withnorwegianeyes.com\/no\/besok-paa-the-kangaroo-sanctuary\/\">LES MER<\/a>\n<\/div>\n<\/div><\/div><\/div>\n<\/div>\n\n<\/div>","protected":false},"excerpt":{"rendered":"","protected":false},"author":1,"featured_media":0,"parent":0,"menu_order":0,"comment_status":"closed","ping_status":"closed","template":"","meta":{"footnotes":""},"translation":{"provider":"WPGlobus","version":"2.12.2","language":"no","enabled_languages":["en","no"],"languages":{"en":{"title":true,"content":true,"excerpt":false},"no":{"title":true,"content":true,"excerpt":false}}},"_links":{"self":[{"href":"https:\/\/withnorwegianeyes.com\/no\/wp-json\/wp\/v2\/pages\/12271"}],"collection":[{"href":"https:\/\/withnorwegianeyes.com\/no\/wp-json\/wp\/v2\/pages"}],"about":[{"href":"https:\/\/withnorwegianeyes.com\/no\/wp-json\/wp\/v2\/types\/page"}],"author":[{"embeddable":true,"href":"https:\/\/withnorwegianeyes.com\/no\/wp-json\/wp\/v2\/users\/1"}],"replies":[{"embeddable":true,"href":"https:\/\/withnorwegianeyes.com\/no\/wp-json\/wp\/v2\/comments?post=12271"}],"version-history":[{"count":16,"href":"https:\/\/withnorwegianeyes.com\/no\/wp-json\/wp\/v2\/pages\/12271\/revisions"}],"predecessor-version":[{"id":20677,"href":"https:\/\/withnorwegianeyes.com\/no\/wp-json\/wp\/v2\/pages\/12271\/revisions\/20677"}],"wp:attachment":[{"href":"https:\/\/withnorwegianeyes.com\/no\/wp-json\/wp\/v2\/media?parent=12271"}],"curies":[{"name":"wp","href":"https:\/\/api.w.org\/{rel}","templated":true}]}}