{"id":12010,"date":"2019-12-09T10:41:01","date_gmt":"2019-12-09T09:41:01","guid":{"rendered":"https:\/\/withnorwegianeyes.com\/?page_id=12010"},"modified":"2024-02-18T10:04:12","modified_gmt":"2024-02-18T09:04:12","slug":"islands","status":"publish","type":"page","link":"https:\/\/withnorwegianeyes.com\/no\/oyer\/","title":{"rendered":"\u00d8yer"},"content":{"rendered":"<div class=\"gb-container gb-container-99015307\">\n\n<div class=\"gb-grid-wrapper gb-grid-wrapper-e1533cb0 gb-query-loop-wrapper\">\n<div class=\"gb-grid-column gb-grid-column-9d4784b5 gb-query-loop-item post-12140 post type-post status-publish format-standard has-post-thumbnail hentry category-ukategorisert tag-islands tag-poly tag-sleep tag-world\"><div class=\"gb-container gb-container-9d4784b5\"><div class=\"gb-inside-container\">\n<figure class=\"gb-block-image gb-block-image-1a273537\"><a href=\"https:\/\/withnorwegianeyes.com\/no\/anmeldelse-brando-suite-intercontinental-thalasso-bora-bora\/\"><img loading=\"lazy\" decoding=\"async\" width=\"300\" height=\"200\" src=\"https:\/\/withnorwegianeyes.com\/wp-content\/uploads\/2020\/01\/Brando-1-av-25-300x200.jpeg\" class=\"gb-image-1a273537\" alt=\"\" srcset=\"https:\/\/withnorwegianeyes.com\/wp-content\/uploads\/2020\/01\/Brando-1-av-25-300x200.jpeg 300w, https:\/\/withnorwegianeyes.com\/wp-content\/uploads\/2020\/01\/Brando-1-av-25-1024x683.jpeg 1024w, https:\/\/withnorwegianeyes.com\/wp-content\/uploads\/2020\/01\/Brando-1-av-25-768x512.jpeg 768w, https:\/\/withnorwegianeyes.com\/wp-content\/uploads\/2020\/01\/Brando-1-av-25.jpeg 1280w\" sizes=\"(max-width: 300px) 100vw, 300px\" \/><\/a><\/figure>\n\n<h3 class=\"gb-headline gb-headline-2f24cb3f gb-headline-text\"><a href=\"https:\/\/withnorwegianeyes.com\/no\/anmeldelse-brando-suite-intercontinental-thalasso-bora-bora\/\">Anmeldelse: Villa Teremoana p\u00e5 InterContinental Bora Bora Resort &#038; Thalasso Spa<\/a><\/h3>\n\n<div class=\"gb-headline gb-headline-7a58d999 gb-headline-text\"><time class=\"entry-date published\" datetime=\"2020-01-03T11:27:55+01:00\">januar 2020<\/time><\/div>\n\n<div class=\"gb-button-wrapper gb-button-wrapper-a7e528f8\">\n<a class=\"gb-button gb-button-164d97c4 gb-button-text\" href=\"https:\/\/withnorwegianeyes.com\/no\/anmeldelse-brando-suite-intercontinental-thalasso-bora-bora\/\">READ MORE<\/a>\n<\/div>\n<\/div><\/div><\/div>\n\n<div class=\"gb-grid-column gb-grid-column-9d4784b5 gb-query-loop-item post-8439 post type-post status-publish format-standard has-post-thumbnail hentry category-ukategorisert tag-do tag-islands tag-seychelles tag-world\"><div class=\"gb-container gb-container-9d4784b5\"><div class=\"gb-inside-container\">\n<figure class=\"gb-block-image gb-block-image-1a273537\"><a href=\"https:\/\/withnorwegianeyes.com\/no\/reiseguide-for-seychellene\/\"><img loading=\"lazy\" decoding=\"async\" width=\"300\" height=\"200\" src=\"https:\/\/withnorwegianeyes.com\/wp-content\/uploads\/2019\/08\/Reiseguide-Seychellene-2-av-2-1-300x200.jpeg\" class=\"gb-image-1a273537\" alt=\"\" srcset=\"https:\/\/withnorwegianeyes.com\/wp-content\/uploads\/2019\/08\/Reiseguide-Seychellene-2-av-2-1-300x200.jpeg 300w, https:\/\/withnorwegianeyes.com\/wp-content\/uploads\/2019\/08\/Reiseguide-Seychellene-2-av-2-1-1024x683.jpeg 1024w, https:\/\/withnorwegianeyes.com\/wp-content\/uploads\/2019\/08\/Reiseguide-Seychellene-2-av-2-1-768x512.jpeg 768w, https:\/\/withnorwegianeyes.com\/wp-content\/uploads\/2019\/08\/Reiseguide-Seychellene-2-av-2-1.jpeg 1280w\" sizes=\"(max-width: 300px) 100vw, 300px\" \/><\/a><\/figure>\n\n<h3 class=\"gb-headline gb-headline-2f24cb3f gb-headline-text\"><a href=\"https:\/\/withnorwegianeyes.com\/no\/reiseguide-for-seychellene\/\">Reiseguide: Tips og praktisk informasjon om Seychellene<\/a><\/h3>\n\n<div class=\"gb-headline gb-headline-7a58d999 gb-headline-text\"><time class=\"entry-date published\" datetime=\"2019-08-31T06:48:06+01:00\">august 2019<\/time><\/div>\n\n<div class=\"gb-button-wrapper gb-button-wrapper-a7e528f8\">\n<a class=\"gb-button gb-button-164d97c4 gb-button-text\" href=\"https:\/\/withnorwegianeyes.com\/no\/reiseguide-for-seychellene\/\">READ MORE<\/a>\n<\/div>\n<\/div><\/div><\/div>\n\n<div class=\"gb-grid-column gb-grid-column-9d4784b5 gb-query-loop-item post-9682 post type-post status-publish format-standard has-post-thumbnail hentry category-ukategorisert tag-83 tag-118 tag-119 tag-do tag-islands tag-kyst tag-nature tag-norway tag-pop\"><div class=\"gb-container gb-container-9d4784b5\"><div class=\"gb-inside-container\">\n<figure class=\"gb-block-image gb-block-image-1a273537\"><a href=\"https:\/\/withnorwegianeyes.com\/no\/leka-et-geologisk-underverk\/\"><img loading=\"lazy\" decoding=\"async\" width=\"300\" height=\"200\" src=\"https:\/\/withnorwegianeyes.com\/wp-content\/uploads\/2019\/07\/Leka-1-av-25-1-300x200.jpg\" class=\"gb-image-1a273537\" alt=\"\" srcset=\"https:\/\/withnorwegianeyes.com\/wp-content\/uploads\/2019\/07\/Leka-1-av-25-1-300x200.jpg 300w, https:\/\/withnorwegianeyes.com\/wp-content\/uploads\/2019\/07\/Leka-1-av-25-1-1024x682.jpg 1024w, https:\/\/withnorwegianeyes.com\/wp-content\/uploads\/2019\/07\/Leka-1-av-25-1-768x512.jpg 768w, https:\/\/withnorwegianeyes.com\/wp-content\/uploads\/2019\/07\/Leka-1-av-25-1.jpg 1280w\" sizes=\"(max-width: 300px) 100vw, 300px\" \/><\/a><\/figure>\n\n<h3 class=\"gb-headline gb-headline-2f24cb3f gb-headline-text\"><a href=\"https:\/\/withnorwegianeyes.com\/no\/leka-et-geologisk-underverk\/\">Norske perler: Leka \u2013 Et geologisk underverk<\/a><\/h3>\n\n<div class=\"gb-headline gb-headline-7a58d999 gb-headline-text\"><time class=\"entry-date published\" datetime=\"2019-07-21T13:02:50+01:00\">juli 2019<\/time><\/div>\n\n<div class=\"gb-button-wrapper gb-button-wrapper-a7e528f8\">\n<a class=\"gb-button gb-button-164d97c4 gb-button-text\" href=\"https:\/\/withnorwegianeyes.com\/no\/leka-et-geologisk-underverk\/\">READ MORE<\/a>\n<\/div>\n<\/div><\/div><\/div>\n\n<div class=\"gb-grid-column gb-grid-column-9d4784b5 gb-query-loop-item post-9099 post type-post status-publish format-standard has-post-thumbnail hentry category-ukategorisert tag-124 tag-do tag-islands tag-jul tag-kyst tag-norway tag-pop\"><div class=\"gb-container gb-container-9d4784b5\"><div class=\"gb-inside-container\">\n<figure class=\"gb-block-image gb-block-image-1a273537\"><a href=\"https:\/\/withnorwegianeyes.com\/no\/vidunderlige-vega\/\"><img loading=\"lazy\" decoding=\"async\" width=\"300\" height=\"200\" src=\"https:\/\/withnorwegianeyes.com\/wp-content\/uploads\/2017\/05\/Vega-1-av-17-300x200.jpg\" class=\"gb-image-1a273537\" alt=\"\" srcset=\"https:\/\/withnorwegianeyes.com\/wp-content\/uploads\/2017\/05\/Vega-1-av-17-300x200.jpg 300w, https:\/\/withnorwegianeyes.com\/wp-content\/uploads\/2017\/05\/Vega-1-av-17-1024x682.jpg 1024w, https:\/\/withnorwegianeyes.com\/wp-content\/uploads\/2017\/05\/Vega-1-av-17-768x512.jpg 768w, https:\/\/withnorwegianeyes.com\/wp-content\/uploads\/2017\/05\/Vega-1-av-17.jpg 1280w\" sizes=\"(max-width: 300px) 100vw, 300px\" \/><\/a><\/figure>\n\n<h3 class=\"gb-headline gb-headline-2f24cb3f gb-headline-text\"><a href=\"https:\/\/withnorwegianeyes.com\/no\/vidunderlige-vega\/\">Norske perler: Vidunderlige Vega<\/a><\/h3>\n\n<div class=\"gb-headline gb-headline-7a58d999 gb-headline-text\"><time class=\"entry-date published\" datetime=\"2019-06-30T12:45:31+01:00\">juni 2019<\/time><\/div>\n\n<div class=\"gb-button-wrapper gb-button-wrapper-a7e528f8\">\n<a class=\"gb-button gb-button-164d97c4 gb-button-text\" href=\"https:\/\/withnorwegianeyes.com\/no\/vidunderlige-vega\/\">READ MORE<\/a>\n<\/div>\n<\/div><\/div><\/div>\n\n<div class=\"gb-grid-column gb-grid-column-9d4784b5 gb-query-loop-item post-6540 post type-post status-publish format-standard has-post-thumbnail hentry category-ukategorisert tag-63 tag-117 tag-do tag-islands tag-tuc tag-world\"><div class=\"gb-container gb-container-9d4784b5\"><div class=\"gb-inside-container\">\n<figure class=\"gb-block-image gb-block-image-1a273537\"><a href=\"https:\/\/withnorwegianeyes.com\/no\/oppdagelsesferd-til-middle-caicos\/\"><img loading=\"lazy\" decoding=\"async\" width=\"300\" height=\"200\" src=\"https:\/\/withnorwegianeyes.com\/wp-content\/uploads\/2018\/10\/North-and-Middle-Caicos-1-av-29-1-300x200.jpg\" class=\"gb-image-1a273537\" alt=\"\" srcset=\"https:\/\/withnorwegianeyes.com\/wp-content\/uploads\/2018\/10\/North-and-Middle-Caicos-1-av-29-1-300x200.jpg 300w, https:\/\/withnorwegianeyes.com\/wp-content\/uploads\/2018\/10\/North-and-Middle-Caicos-1-av-29-1-1024x683.jpg 1024w, https:\/\/withnorwegianeyes.com\/wp-content\/uploads\/2018\/10\/North-and-Middle-Caicos-1-av-29-1-768x512.jpg 768w, https:\/\/withnorwegianeyes.com\/wp-content\/uploads\/2018\/10\/North-and-Middle-Caicos-1-av-29-1.jpg 1280w\" sizes=\"(max-width: 300px) 100vw, 300px\" \/><\/a><\/figure>\n\n<h3 class=\"gb-headline gb-headline-2f24cb3f gb-headline-text\"><a href=\"https:\/\/withnorwegianeyes.com\/no\/oppdagelsesferd-til-middle-caicos\/\">En oppdagelsesferd til North og Middle Caicos\u00f8yene<\/a><\/h3>\n\n<div class=\"gb-headline gb-headline-7a58d999 gb-headline-text\"><time class=\"entry-date published\" datetime=\"2018-10-25T19:31:43+01:00\">oktober 2018<\/time><\/div>\n\n<div class=\"gb-button-wrapper gb-button-wrapper-a7e528f8\">\n<a class=\"gb-button gb-button-164d97c4 gb-button-text\" href=\"https:\/\/withnorwegianeyes.com\/no\/oppdagelsesferd-til-middle-caicos\/\">READ MORE<\/a>\n<\/div>\n<\/div><\/div><\/div>\n\n<div class=\"gb-grid-column gb-grid-column-9d4784b5 gb-query-loop-item post-5013 post type-post status-publish format-standard has-post-thumbnail hentry category-ukategorisert tag-56 tag-54 tag-55 tag-52 tag-74 tag-do tag-eat tag-islands tag-norway\"><div class=\"gb-container gb-container-9d4784b5\"><div class=\"gb-inside-container\">\n<figure class=\"gb-block-image gb-block-image-1a273537\"><a href=\"https:\/\/withnorwegianeyes.com\/no\/postkortidyll-paa-helgoya\/\"><img loading=\"lazy\" decoding=\"async\" width=\"300\" height=\"200\" src=\"https:\/\/withnorwegianeyes.com\/wp-content\/uploads\/2017\/05\/Postkortidyll-pa-Helgoya-1-av-1-300x200.jpg\" class=\"gb-image-1a273537\" alt=\"\" srcset=\"https:\/\/withnorwegianeyes.com\/wp-content\/uploads\/2017\/05\/Postkortidyll-pa-Helgoya-1-av-1-300x200.jpg 300w, https:\/\/withnorwegianeyes.com\/wp-content\/uploads\/2017\/05\/Postkortidyll-pa-Helgoya-1-av-1-1024x682.jpg 1024w, https:\/\/withnorwegianeyes.com\/wp-content\/uploads\/2017\/05\/Postkortidyll-pa-Helgoya-1-av-1-768x512.jpg 768w, https:\/\/withnorwegianeyes.com\/wp-content\/uploads\/2017\/05\/Postkortidyll-pa-Helgoya-1-av-1.jpg 1280w\" sizes=\"(max-width: 300px) 100vw, 300px\" \/><\/a><\/figure>\n\n<h3 class=\"gb-headline gb-headline-2f24cb3f gb-headline-text\"><a href=\"https:\/\/withnorwegianeyes.com\/no\/postkortidyll-paa-helgoya\/\">Midt i Mj\u00f8sa: Postkortidyll p\u00e5 Helg\u00f8ya<\/a><\/h3>\n\n<div class=\"gb-headline gb-headline-7a58d999 gb-headline-text\"><time class=\"entry-date published\" datetime=\"2018-07-09T19:54:14+01:00\">juli 2018<\/time><\/div>\n\n<div class=\"gb-button-wrapper gb-button-wrapper-a7e528f8\">\n<a class=\"gb-button gb-button-164d97c4 gb-button-text\" href=\"https:\/\/withnorwegianeyes.com\/no\/postkortidyll-paa-helgoya\/\">READ MORE<\/a>\n<\/div>\n<\/div><\/div><\/div>\n<\/div>\n\n<\/div>","protected":false},"excerpt":{"rendered":"","protected":false},"author":1,"featured_media":0,"parent":0,"menu_order":0,"comment_status":"closed","ping_status":"closed","template":"","meta":{"footnotes":""},"translation":{"provider":"WPGlobus","version":"2.12.2","language":"no","enabled_languages":["en","no"],"languages":{"en":{"title":true,"content":true,"excerpt":false},"no":{"title":true,"content":true,"excerpt":false}}},"_links":{"self":[{"href":"https:\/\/withnorwegianeyes.com\/no\/wp-json\/wp\/v2\/pages\/12010"}],"collection":[{"href":"https:\/\/withnorwegianeyes.com\/no\/wp-json\/wp\/v2\/pages"}],"about":[{"href":"https:\/\/withnorwegianeyes.com\/no\/wp-json\/wp\/v2\/types\/page"}],"author":[{"embeddable":true,"href":"https:\/\/withnorwegianeyes.com\/no\/wp-json\/wp\/v2\/users\/1"}],"replies":[{"embeddable":true,"href":"https:\/\/withnorwegianeyes.com\/no\/wp-json\/wp\/v2\/comments?post=12010"}],"version-history":[{"count":13,"href":"https:\/\/withnorwegianeyes.com\/no\/wp-json\/wp\/v2\/pages\/12010\/revisions"}],"predecessor-version":[{"id":20673,"href":"https:\/\/withnorwegianeyes.com\/no\/wp-json\/wp\/v2\/pages\/12010\/revisions\/20673"}],"wp:attachment":[{"href":"https:\/\/withnorwegianeyes.com\/no\/wp-json\/wp\/v2\/media?parent=12010"}],"curies":[{"name":"wp","href":"https:\/\/api.w.org\/{rel}","templated":true}]}}