{"id":11747,"date":"2019-12-09T10:49:45","date_gmt":"2019-12-09T09:49:45","guid":{"rendered":"https:\/\/withnorwegianeyes.com\/?page_id=11747"},"modified":"2024-02-18T10:04:40","modified_gmt":"2024-02-18T09:04:40","slug":"road-trips","status":"publish","type":"page","link":"https:\/\/withnorwegianeyes.com\/no\/bilturer\/","title":{"rendered":"Bilturer"},"content":{"rendered":"<div class=\"gb-container gb-container-99015307\">\n\n<div class=\"gb-grid-wrapper gb-grid-wrapper-e1533cb0 gb-query-loop-wrapper\">\n<div class=\"gb-grid-column gb-grid-column-9d4784b5 gb-query-loop-item post-16149 post type-post status-publish format-standard has-post-thumbnail hentry category-ukategorisert tag-lat tag-norroad tag-norway tag-pop tag-road\"><div class=\"gb-container gb-container-9d4784b5\"><div class=\"gb-inside-container\">\n<figure class=\"gb-block-image gb-block-image-1a273537\"><a href=\"https:\/\/withnorwegianeyes.com\/no\/nasjonale-turistveger-veiene-som-byr-paa-det-beste-av-norge\/\"><img loading=\"lazy\" decoding=\"async\" width=\"300\" height=\"200\" src=\"https:\/\/withnorwegianeyes.com\/wp-content\/uploads\/2021\/01\/Nasjonale-turistveger-1-av-1-300x200.jpeg\" class=\"gb-image-1a273537\" alt=\"\" srcset=\"https:\/\/withnorwegianeyes.com\/wp-content\/uploads\/2021\/01\/Nasjonale-turistveger-1-av-1-300x200.jpeg 300w, https:\/\/withnorwegianeyes.com\/wp-content\/uploads\/2021\/01\/Nasjonale-turistveger-1-av-1-1024x683.jpeg 1024w, https:\/\/withnorwegianeyes.com\/wp-content\/uploads\/2021\/01\/Nasjonale-turistveger-1-av-1-768x512.jpeg 768w, https:\/\/withnorwegianeyes.com\/wp-content\/uploads\/2021\/01\/Nasjonale-turistveger-1-av-1.jpeg 1280w\" sizes=\"(max-width: 300px) 100vw, 300px\" \/><\/a><\/figure>\n\n<h3 class=\"gb-headline gb-headline-2f24cb3f gb-headline-text\"><a href=\"https:\/\/withnorwegianeyes.com\/no\/nasjonale-turistveger-veiene-som-byr-paa-det-beste-av-norge\/\">Nasjonale turistveger: Veiene som byr p\u00e5 det beste av Norge<\/a><\/h3>\n\n<div class=\"gb-headline gb-headline-7a58d999 gb-headline-text\"><time class=\"entry-date published\" datetime=\"2021-07-03T21:26:33+01:00\">juli 2021<\/time><\/div>\n\n<div class=\"gb-button-wrapper gb-button-wrapper-a7e528f8\">\n<a class=\"gb-button gb-button-164d97c4 gb-button-text\" href=\"https:\/\/withnorwegianeyes.com\/no\/nasjonale-turistveger-veiene-som-byr-paa-det-beste-av-norge\/\">LES MER<\/a>\n<\/div>\n<\/div><\/div><\/div>\n\n<div class=\"gb-grid-column gb-grid-column-9d4784b5 gb-query-loop-item post-15917 post type-post status-publish format-standard has-post-thumbnail hentry category-ukategorisert tag-103 tag-aus tag-lat tag-road\"><div class=\"gb-container gb-container-9d4784b5\"><div class=\"gb-inside-container\">\n<figure class=\"gb-block-image gb-block-image-1a273537\"><a href=\"https:\/\/withnorwegianeyes.com\/no\/reiserute-10-dagers-bilferie-cairns-far-north-queensland\/\"><img loading=\"lazy\" decoding=\"async\" width=\"300\" height=\"200\" src=\"https:\/\/withnorwegianeyes.com\/wp-content\/uploads\/2021\/01\/Road-trip-Cairns-1-av-1-300x200.jpeg\" class=\"gb-image-1a273537\" alt=\"\" srcset=\"https:\/\/withnorwegianeyes.com\/wp-content\/uploads\/2021\/01\/Road-trip-Cairns-1-av-1-300x200.jpeg 300w, https:\/\/withnorwegianeyes.com\/wp-content\/uploads\/2021\/01\/Road-trip-Cairns-1-av-1-1024x683.jpeg 1024w, https:\/\/withnorwegianeyes.com\/wp-content\/uploads\/2021\/01\/Road-trip-Cairns-1-av-1-768x512.jpeg 768w, https:\/\/withnorwegianeyes.com\/wp-content\/uploads\/2021\/01\/Road-trip-Cairns-1-av-1.jpeg 1280w\" sizes=\"(max-width: 300px) 100vw, 300px\" \/><\/a><\/figure>\n\n<h3 class=\"gb-headline gb-headline-2f24cb3f gb-headline-text\"><a href=\"https:\/\/withnorwegianeyes.com\/no\/reiserute-10-dagers-bilferie-cairns-far-north-queensland\/\">Bilferie i Cairns og Far North Queensland, Australia: En 10-dagers reiserute som passer perfekt for natur- og dyreelskere<\/a><\/h3>\n\n<div class=\"gb-headline gb-headline-7a58d999 gb-headline-text\"><time class=\"entry-date published\" datetime=\"2021-05-27T19:53:44+01:00\">mai 2021<\/time><\/div>\n\n<div class=\"gb-button-wrapper gb-button-wrapper-a7e528f8\">\n<a class=\"gb-button gb-button-164d97c4 gb-button-text\" href=\"https:\/\/withnorwegianeyes.com\/no\/reiserute-10-dagers-bilferie-cairns-far-north-queensland\/\">LES MER<\/a>\n<\/div>\n<\/div><\/div><\/div>\n\n<div class=\"gb-grid-column gb-grid-column-9d4784b5 gb-query-loop-item post-15722 post type-post status-publish format-standard has-post-thumbnail hentry category-ukategorisert tag-103 tag-123 tag-aus tag-lat tag-nature tag-road\"><div class=\"gb-container gb-container-9d4784b5\"><div class=\"gb-inside-container\">\n<figure class=\"gb-block-image gb-block-image-1a273537\"><a href=\"https:\/\/withnorwegianeyes.com\/no\/guide-praktisk-informasjon-tips-dagstur-cape-tribulation\/\"><img loading=\"lazy\" decoding=\"async\" width=\"300\" height=\"200\" src=\"https:\/\/withnorwegianeyes.com\/wp-content\/uploads\/2021\/01\/Cape-Tribulation-1-av-1-300x200.jpeg\" class=\"gb-image-1a273537\" alt=\"\" srcset=\"https:\/\/withnorwegianeyes.com\/wp-content\/uploads\/2021\/01\/Cape-Tribulation-1-av-1-300x200.jpeg 300w, https:\/\/withnorwegianeyes.com\/wp-content\/uploads\/2021\/01\/Cape-Tribulation-1-av-1-1024x683.jpeg 1024w, https:\/\/withnorwegianeyes.com\/wp-content\/uploads\/2021\/01\/Cape-Tribulation-1-av-1-768x512.jpeg 768w, https:\/\/withnorwegianeyes.com\/wp-content\/uploads\/2021\/01\/Cape-Tribulation-1-av-1.jpeg 1280w\" sizes=\"(max-width: 300px) 100vw, 300px\" \/><\/a><\/figure>\n\n<h3 class=\"gb-headline gb-headline-2f24cb3f gb-headline-text\"><a href=\"https:\/\/withnorwegianeyes.com\/no\/guide-praktisk-informasjon-tips-dagstur-cape-tribulation\/\">Guide: Praktisk informasjon og tips for \u00e5 planlegge en dagstur til Cape Tribulation<\/a><\/h3>\n\n<div class=\"gb-headline gb-headline-7a58d999 gb-headline-text\"><time class=\"entry-date published\" datetime=\"2021-02-25T19:03:47+01:00\">februar 2021<\/time><\/div>\n\n<div class=\"gb-button-wrapper gb-button-wrapper-a7e528f8\">\n<a class=\"gb-button gb-button-164d97c4 gb-button-text\" href=\"https:\/\/withnorwegianeyes.com\/no\/guide-praktisk-informasjon-tips-dagstur-cape-tribulation\/\">LES MER<\/a>\n<\/div>\n<\/div><\/div><\/div>\n\n<div class=\"gb-grid-column gb-grid-column-9d4784b5 gb-query-loop-item post-14906 post type-post status-publish format-standard has-post-thumbnail hentry category-ukategorisert tag-127 tag-eat tag-lat tag-nature tag-norroad tag-norway tag-pop tag-road\"><div class=\"gb-container gb-container-9d4784b5\"><div class=\"gb-inside-container\">\n<figure class=\"gb-block-image gb-block-image-1a273537\"><a href=\"https:\/\/withnorwegianeyes.com\/no\/33-tips-til-norgesferien\/\"><img loading=\"lazy\" decoding=\"async\" width=\"300\" height=\"200\" src=\"https:\/\/withnorwegianeyes.com\/wp-content\/uploads\/2017\/05\/Norgesferie-tips-1-av-1-300x200.jpeg\" class=\"gb-image-1a273537\" alt=\"\" srcset=\"https:\/\/withnorwegianeyes.com\/wp-content\/uploads\/2017\/05\/Norgesferie-tips-1-av-1-300x200.jpeg 300w, https:\/\/withnorwegianeyes.com\/wp-content\/uploads\/2017\/05\/Norgesferie-tips-1-av-1-1024x683.jpeg 1024w, https:\/\/withnorwegianeyes.com\/wp-content\/uploads\/2017\/05\/Norgesferie-tips-1-av-1-768x512.jpeg 768w, https:\/\/withnorwegianeyes.com\/wp-content\/uploads\/2017\/05\/Norgesferie-tips-1-av-1.jpeg 1280w\" sizes=\"(max-width: 300px) 100vw, 300px\" \/><\/a><\/figure>\n\n<h3 class=\"gb-headline gb-headline-2f24cb3f gb-headline-text\"><a href=\"https:\/\/withnorwegianeyes.com\/no\/33-tips-til-norgesferien\/\">Tips til Norgesferien: 33 steder du kan bes\u00f8ke i sommer<\/a><\/h3>\n\n<div class=\"gb-headline gb-headline-7a58d999 gb-headline-text\"><time class=\"entry-date published\" datetime=\"2020-06-26T20:13:41+01:00\">juni 2020<\/time><\/div>\n\n<div class=\"gb-button-wrapper gb-button-wrapper-a7e528f8\">\n<a class=\"gb-button gb-button-164d97c4 gb-button-text\" href=\"https:\/\/withnorwegianeyes.com\/no\/33-tips-til-norgesferien\/\">LES MER<\/a>\n<\/div>\n<\/div><\/div><\/div>\n\n<div class=\"gb-grid-column gb-grid-column-9d4784b5 gb-query-loop-item post-14675 post type-post status-publish format-standard has-post-thumbnail hentry category-ukategorisert tag-124 tag-lat tag-norge tag-norroad tag-norway tag-road\"><div class=\"gb-container gb-container-9d4784b5\"><div class=\"gb-inside-container\">\n<figure class=\"gb-block-image gb-block-image-1a273537\"><a href=\"https:\/\/withnorwegianeyes.com\/no\/en-spektakulaer-kjoretur-langs-nasjonal-turisveg-andoya\/\"><img loading=\"lazy\" decoding=\"async\" width=\"300\" height=\"200\" src=\"https:\/\/withnorwegianeyes.com\/wp-content\/uploads\/2020\/04\/Andoya-1-av-17-300x200.jpeg\" class=\"gb-image-1a273537\" alt=\"\" srcset=\"https:\/\/withnorwegianeyes.com\/wp-content\/uploads\/2020\/04\/Andoya-1-av-17-300x200.jpeg 300w, https:\/\/withnorwegianeyes.com\/wp-content\/uploads\/2020\/04\/Andoya-1-av-17-1024x683.jpeg 1024w, https:\/\/withnorwegianeyes.com\/wp-content\/uploads\/2020\/04\/Andoya-1-av-17-768x512.jpeg 768w, https:\/\/withnorwegianeyes.com\/wp-content\/uploads\/2020\/04\/Andoya-1-av-17.jpeg 1280w\" sizes=\"(max-width: 300px) 100vw, 300px\" \/><\/a><\/figure>\n\n<h3 class=\"gb-headline gb-headline-2f24cb3f gb-headline-text\"><a href=\"https:\/\/withnorwegianeyes.com\/no\/en-spektakulaer-kjoretur-langs-nasjonal-turisveg-andoya\/\">En spektakul\u00e6r kj\u00f8retur langs Nasjonal turistveg And\u00f8ya<\/a><\/h3>\n\n<div class=\"gb-headline gb-headline-7a58d999 gb-headline-text\"><time class=\"entry-date published\" datetime=\"2020-04-23T18:51:54+01:00\">april 2020<\/time><\/div>\n\n<div class=\"gb-button-wrapper gb-button-wrapper-a7e528f8\">\n<a class=\"gb-button gb-button-164d97c4 gb-button-text\" href=\"https:\/\/withnorwegianeyes.com\/no\/en-spektakulaer-kjoretur-langs-nasjonal-turisveg-andoya\/\">LES MER<\/a>\n<\/div>\n<\/div><\/div><\/div>\n\n<div class=\"gb-grid-column gb-grid-column-9d4784b5 gb-query-loop-item post-14592 post type-post status-publish format-standard has-post-thumbnail hentry category-ukategorisert tag-120 tag-nature tag-pop tag-road tag-usa\"><div class=\"gb-container gb-container-9d4784b5\"><div class=\"gb-inside-container\">\n<figure class=\"gb-block-image gb-block-image-1a273537\"><a href=\"https:\/\/withnorwegianeyes.com\/no\/17-stoppesteder-langs-tamiami-trail\/\"><img loading=\"lazy\" decoding=\"async\" width=\"300\" height=\"204\" src=\"https:\/\/withnorwegianeyes.com\/wp-content\/uploads\/2020\/04\/New-map-1-300x204.jpeg\" class=\"gb-image-1a273537\" alt=\"\" srcset=\"https:\/\/withnorwegianeyes.com\/wp-content\/uploads\/2020\/04\/New-map-1-300x204.jpeg 300w, https:\/\/withnorwegianeyes.com\/wp-content\/uploads\/2020\/04\/New-map-1-1024x696.jpeg 1024w, https:\/\/withnorwegianeyes.com\/wp-content\/uploads\/2020\/04\/New-map-1-768x522.jpeg 768w, https:\/\/withnorwegianeyes.com\/wp-content\/uploads\/2020\/04\/New-map-1-1536x1045.jpeg 1536w, https:\/\/withnorwegianeyes.com\/wp-content\/uploads\/2020\/04\/New-map-1-2048x1393.jpeg 2048w, https:\/\/withnorwegianeyes.com\/wp-content\/uploads\/2020\/04\/New-map-1-1320x898.jpeg 1320w\" sizes=\"(max-width: 300px) 100vw, 300px\" \/><\/a><\/figure>\n\n<h3 class=\"gb-headline gb-headline-2f24cb3f gb-headline-text\"><a href=\"https:\/\/withnorwegianeyes.com\/no\/17-stoppesteder-langs-tamiami-trail\/\">17 attraksjoner og steder \u00e5 stoppe langs Tamiami Trail\/ U.S Highway 41 mellom Miami og Naples<\/a><\/h3>\n\n<div class=\"gb-headline gb-headline-7a58d999 gb-headline-text\"><time class=\"entry-date published\" datetime=\"2020-04-14T10:55:25+01:00\">april 2020<\/time><\/div>\n\n<div class=\"gb-button-wrapper gb-button-wrapper-a7e528f8\">\n<a class=\"gb-button gb-button-164d97c4 gb-button-text\" href=\"https:\/\/withnorwegianeyes.com\/no\/17-stoppesteder-langs-tamiami-trail\/\">LES MER<\/a>\n<\/div>\n<\/div><\/div><\/div>\n\n<div class=\"gb-grid-column gb-grid-column-9d4784b5 gb-query-loop-item post-9860 post type-post status-publish format-standard has-post-thumbnail hentry category-ukategorisert tag-119 tag-124 tag-do tag-kyst tag-norroad tag-norway tag-road\"><div class=\"gb-container gb-container-9d4784b5\"><div class=\"gb-inside-container\">\n<figure class=\"gb-block-image gb-block-image-1a273537\"><a href=\"https:\/\/withnorwegianeyes.com\/no\/hoydepunkter-langs-kystriksveien\/\"><img loading=\"lazy\" decoding=\"async\" width=\"300\" height=\"200\" src=\"https:\/\/withnorwegianeyes.com\/wp-content\/uploads\/2019\/07\/Hoydepunkter-Kystriksveien-1-av-1-300x200.jpg\" class=\"gb-image-1a273537\" alt=\"\" srcset=\"https:\/\/withnorwegianeyes.com\/wp-content\/uploads\/2019\/07\/Hoydepunkter-Kystriksveien-1-av-1-300x200.jpg 300w, https:\/\/withnorwegianeyes.com\/wp-content\/uploads\/2019\/07\/Hoydepunkter-Kystriksveien-1-av-1-1024x683.jpg 1024w, https:\/\/withnorwegianeyes.com\/wp-content\/uploads\/2019\/07\/Hoydepunkter-Kystriksveien-1-av-1-768x512.jpg 768w, https:\/\/withnorwegianeyes.com\/wp-content\/uploads\/2019\/07\/Hoydepunkter-Kystriksveien-1-av-1.jpg 1280w\" sizes=\"(max-width: 300px) 100vw, 300px\" \/><\/a><\/figure>\n\n<h3 class=\"gb-headline gb-headline-2f24cb3f gb-headline-text\"><a href=\"https:\/\/withnorwegianeyes.com\/no\/hoydepunkter-langs-kystriksveien\/\">H\u00f8ydepunkter langs Kystriksveien<\/a><\/h3>\n\n<div class=\"gb-headline gb-headline-7a58d999 gb-headline-text\"><time class=\"entry-date published\" datetime=\"2019-07-31T23:14:20+01:00\">juli 2019<\/time><\/div>\n\n<div class=\"gb-button-wrapper gb-button-wrapper-a7e528f8\">\n<a class=\"gb-button gb-button-164d97c4 gb-button-text\" href=\"https:\/\/withnorwegianeyes.com\/no\/hoydepunkter-langs-kystriksveien\/\">LES MER<\/a>\n<\/div>\n<\/div><\/div><\/div>\n\n<div class=\"gb-grid-column gb-grid-column-9d4784b5 gb-query-loop-item post-7861 post type-post status-publish format-standard has-post-thumbnail hentry category-ukategorisert tag-54 tag-71 tag-67 tag-74 tag-76 tag-72 tag-77 tag-69 tag-118 tag-bike tag-do tag-eat tag-norroad tag-norway tag-road\"><div class=\"gb-container gb-container-9d4784b5\"><div class=\"gb-inside-container\">\n<figure class=\"gb-block-image gb-block-image-1a273537\"><a href=\"https:\/\/withnorwegianeyes.com\/no\/5-dagers-bilferie-fra-oslo\/\"><img loading=\"lazy\" decoding=\"async\" width=\"300\" height=\"200\" src=\"https:\/\/withnorwegianeyes.com\/wp-content\/uploads\/2017\/05\/5-dagers-bilferie-300x200.jpg\" class=\"gb-image-1a273537\" alt=\"\" srcset=\"https:\/\/withnorwegianeyes.com\/wp-content\/uploads\/2017\/05\/5-dagers-bilferie-300x200.jpg 300w, https:\/\/withnorwegianeyes.com\/wp-content\/uploads\/2017\/05\/5-dagers-bilferie-1024x682.jpg 1024w, https:\/\/withnorwegianeyes.com\/wp-content\/uploads\/2017\/05\/5-dagers-bilferie-768x512.jpg 768w, https:\/\/withnorwegianeyes.com\/wp-content\/uploads\/2017\/05\/5-dagers-bilferie.jpg 1280w\" sizes=\"(max-width: 300px) 100vw, 300px\" \/><\/a><\/figure>\n\n<h3 class=\"gb-headline gb-headline-2f24cb3f gb-headline-text\"><a href=\"https:\/\/withnorwegianeyes.com\/no\/5-dagers-bilferie-fra-oslo\/\">Reiserute: 5-dagers bilferie fra Oslo inkludert 2 fantastiske sykkelturer<\/a><\/h3>\n\n<div class=\"gb-headline gb-headline-7a58d999 gb-headline-text\"><time class=\"entry-date published\" datetime=\"2019-03-29T17:32:50+01:00\">mars 2019<\/time><\/div>\n\n<div class=\"gb-button-wrapper gb-button-wrapper-a7e528f8\">\n<a class=\"gb-button gb-button-164d97c4 gb-button-text\" href=\"https:\/\/withnorwegianeyes.com\/no\/5-dagers-bilferie-fra-oslo\/\">LES MER<\/a>\n<\/div>\n<\/div><\/div><\/div>\n\n<div class=\"gb-grid-column gb-grid-column-9d4784b5 gb-query-loop-item post-14380 post type-post status-publish format-standard has-post-thumbnail hentry category-ukategorisert tag-71 tag-52 tag-67 tag-66 tag-70 tag-68 tag-72 tag-73 tag-do tag-eat tag-norroad tag-norway tag-road\"><div class=\"gb-container gb-container-9d4784b5\"><div class=\"gb-inside-container\">\n<figure class=\"gb-block-image gb-block-image-1a273537\"><a href=\"https:\/\/withnorwegianeyes.com\/no\/reiserute-10-dagers-bilferie-i-norge\/\"><img loading=\"lazy\" decoding=\"async\" width=\"300\" height=\"200\" src=\"https:\/\/withnorwegianeyes.com\/wp-content\/uploads\/2017\/05\/10-dagers-bilferie-Norge-1-av-1-300x200.jpg\" class=\"gb-image-1a273537\" alt=\"\" srcset=\"https:\/\/withnorwegianeyes.com\/wp-content\/uploads\/2017\/05\/10-dagers-bilferie-Norge-1-av-1-300x200.jpg 300w, https:\/\/withnorwegianeyes.com\/wp-content\/uploads\/2017\/05\/10-dagers-bilferie-Norge-1-av-1-1024x682.jpg 1024w, https:\/\/withnorwegianeyes.com\/wp-content\/uploads\/2017\/05\/10-dagers-bilferie-Norge-1-av-1-768x512.jpg 768w, https:\/\/withnorwegianeyes.com\/wp-content\/uploads\/2017\/05\/10-dagers-bilferie-Norge-1-av-1.jpg 1280w\" sizes=\"(max-width: 300px) 100vw, 300px\" \/><\/a><\/figure>\n\n<h3 class=\"gb-headline gb-headline-2f24cb3f gb-headline-text\"><a href=\"https:\/\/withnorwegianeyes.com\/no\/reiserute-10-dagers-bilferie-i-norge\/\">Guide: Komplett reiserute for en 10-dagers bilferie i S\u00f8r-Norge<\/a><\/h3>\n\n<div class=\"gb-headline gb-headline-7a58d999 gb-headline-text\"><time class=\"entry-date published\" datetime=\"2018-06-07T20:14:06+01:00\">juni 2018<\/time><\/div>\n\n<div class=\"gb-button-wrapper gb-button-wrapper-a7e528f8\">\n<a class=\"gb-button gb-button-164d97c4 gb-button-text\" href=\"https:\/\/withnorwegianeyes.com\/no\/reiserute-10-dagers-bilferie-i-norge\/\">LES MER<\/a>\n<\/div>\n<\/div><\/div><\/div>\n<\/div>\n\n<\/div>","protected":false},"excerpt":{"rendered":"","protected":false},"author":1,"featured_media":0,"parent":0,"menu_order":0,"comment_status":"closed","ping_status":"closed","template":"","meta":{"footnotes":""},"translation":{"provider":"WPGlobus","version":"2.12.2","language":"no","enabled_languages":["en","no"],"languages":{"en":{"title":true,"content":true,"excerpt":false},"no":{"title":true,"content":true,"excerpt":false}}},"_links":{"self":[{"href":"https:\/\/withnorwegianeyes.com\/no\/wp-json\/wp\/v2\/pages\/11747"}],"collection":[{"href":"https:\/\/withnorwegianeyes.com\/no\/wp-json\/wp\/v2\/pages"}],"about":[{"href":"https:\/\/withnorwegianeyes.com\/no\/wp-json\/wp\/v2\/types\/page"}],"author":[{"embeddable":true,"href":"https:\/\/withnorwegianeyes.com\/no\/wp-json\/wp\/v2\/users\/1"}],"replies":[{"embeddable":true,"href":"https:\/\/withnorwegianeyes.com\/no\/wp-json\/wp\/v2\/comments?post=11747"}],"version-history":[{"count":19,"href":"https:\/\/withnorwegianeyes.com\/no\/wp-json\/wp\/v2\/pages\/11747\/revisions"}],"predecessor-version":[{"id":20675,"href":"https:\/\/withnorwegianeyes.com\/no\/wp-json\/wp\/v2\/pages\/11747\/revisions\/20675"}],"wp:attachment":[{"href":"https:\/\/withnorwegianeyes.com\/no\/wp-json\/wp\/v2\/media?parent=11747"}],"curies":[{"name":"wp","href":"https:\/\/api.w.org\/{rel}","templated":true}]}}