{"id":11705,"date":"2019-12-06T17:37:04","date_gmt":"2019-12-06T16:37:04","guid":{"rendered":"https:\/\/withnorwegianeyes.com\/?page_id=11705"},"modified":"2024-02-18T10:14:45","modified_gmt":"2024-02-18T09:14:45","slug":"seychelles","status":"publish","type":"page","link":"https:\/\/withnorwegianeyes.com\/no\/seychellene\/","title":{"rendered":"Seychellene"},"content":{"rendered":"<div class=\"gb-container gb-container-ed551b9c\">\n\n<div class=\"gb-grid-wrapper gb-grid-wrapper-9b069330 gb-query-loop-wrapper\">\n<div class=\"gb-grid-column gb-grid-column-6f2a7d37 gb-query-loop-item post-10342 post type-post status-publish format-standard has-post-thumbnail hentry category-ukategorisert tag-36 tag-37 tag-106 tag-seychelles tag-sleep tag-world\"><div class=\"gb-container gb-container-6f2a7d37\"><div class=\"gb-inside-container\">\n<figure class=\"gb-block-image gb-block-image-1c085a9f\"><a href=\"https:\/\/withnorwegianeyes.com\/no\/omtale-constance-lemuria\/\"><img loading=\"lazy\" decoding=\"async\" width=\"300\" height=\"200\" src=\"https:\/\/withnorwegianeyes.com\/wp-content\/uploads\/2019\/10\/1-1-300x200.jpg\" class=\"gb-image-1c085a9f\" alt=\"\" srcset=\"https:\/\/withnorwegianeyes.com\/wp-content\/uploads\/2019\/10\/1-1-300x200.jpg 300w, https:\/\/withnorwegianeyes.com\/wp-content\/uploads\/2019\/10\/1-1-1024x682.jpg 1024w, https:\/\/withnorwegianeyes.com\/wp-content\/uploads\/2019\/10\/1-1-768x512.jpg 768w, https:\/\/withnorwegianeyes.com\/wp-content\/uploads\/2019\/10\/1-1.jpg 1280w\" sizes=\"(max-width: 300px) 100vw, 300px\" \/><\/a><\/figure>\n\n<h3 class=\"gb-headline gb-headline-0d867e81 gb-headline-text\"><a href=\"https:\/\/withnorwegianeyes.com\/no\/omtale-constance-lemuria\/\">Omtale: Constance Lemuria<\/a><\/h3>\n\n<div class=\"gb-headline gb-headline-d866a8f8 gb-headline-text\"><time class=\"entry-date published\" datetime=\"2019-10-23T03:41:28+01:00\">oktober 2019<\/time><\/div>\n\n<div class=\"gb-button-wrapper gb-button-wrapper-0aa92538\">\n<a class=\"gb-button gb-button-81e84ec1\" href=\"https:\/\/withnorwegianeyes.com\/no\/omtale-constance-lemuria\/\">LES MER<\/a>\n<\/div>\n<\/div><\/div><\/div>\n\n<div class=\"gb-grid-column gb-grid-column-6f2a7d37 gb-query-loop-item post-10286 post type-post status-publish format-standard has-post-thumbnail hentry category-ukategorisert tag-do tag-seychelles tag-world\"><div class=\"gb-container gb-container-6f2a7d37\"><div class=\"gb-inside-container\">\n<figure class=\"gb-block-image gb-block-image-1c085a9f\"><a href=\"https:\/\/withnorwegianeyes.com\/no\/omtale-air-seychelles-mahe-praslin\/\"><img loading=\"lazy\" decoding=\"async\" width=\"300\" height=\"200\" src=\"https:\/\/withnorwegianeyes.com\/wp-content\/uploads\/2019\/10\/Air-Seychelles-1-av-1-300x200.jpeg\" class=\"gb-image-1c085a9f\" alt=\"\" srcset=\"https:\/\/withnorwegianeyes.com\/wp-content\/uploads\/2019\/10\/Air-Seychelles-1-av-1-300x200.jpeg 300w, https:\/\/withnorwegianeyes.com\/wp-content\/uploads\/2019\/10\/Air-Seychelles-1-av-1-1024x683.jpeg 1024w, https:\/\/withnorwegianeyes.com\/wp-content\/uploads\/2019\/10\/Air-Seychelles-1-av-1-768x512.jpeg 768w, https:\/\/withnorwegianeyes.com\/wp-content\/uploads\/2019\/10\/Air-Seychelles-1-av-1.jpeg 1280w\" sizes=\"(max-width: 300px) 100vw, 300px\" \/><\/a><\/figure>\n\n<h3 class=\"gb-headline gb-headline-0d867e81 gb-headline-text\"><a href=\"https:\/\/withnorwegianeyes.com\/no\/omtale-air-seychelles-mahe-praslin\/\">Omtale: Air Seychelles fra Mah\u00e9 til Praslin<\/a><\/h3>\n\n<div class=\"gb-headline gb-headline-d866a8f8 gb-headline-text\"><time class=\"entry-date published\" datetime=\"2019-10-20T04:40:04+01:00\">oktober 2019<\/time><\/div>\n\n<div class=\"gb-button-wrapper gb-button-wrapper-0aa92538\">\n<a class=\"gb-button gb-button-81e84ec1\" href=\"https:\/\/withnorwegianeyes.com\/no\/omtale-air-seychelles-mahe-praslin\/\">LES MER<\/a>\n<\/div>\n<\/div><\/div><\/div>\n\n<div class=\"gb-grid-column gb-grid-column-6f2a7d37 gb-query-loop-item post-8439 post type-post status-publish format-standard has-post-thumbnail hentry category-ukategorisert tag-do tag-islands tag-seychelles tag-world\"><div class=\"gb-container gb-container-6f2a7d37\"><div class=\"gb-inside-container\">\n<figure class=\"gb-block-image gb-block-image-1c085a9f\"><a href=\"https:\/\/withnorwegianeyes.com\/no\/reiseguide-for-seychellene\/\"><img loading=\"lazy\" decoding=\"async\" width=\"300\" height=\"200\" src=\"https:\/\/withnorwegianeyes.com\/wp-content\/uploads\/2019\/08\/Reiseguide-Seychellene-2-av-2-1-300x200.jpeg\" class=\"gb-image-1c085a9f\" alt=\"\" srcset=\"https:\/\/withnorwegianeyes.com\/wp-content\/uploads\/2019\/08\/Reiseguide-Seychellene-2-av-2-1-300x200.jpeg 300w, https:\/\/withnorwegianeyes.com\/wp-content\/uploads\/2019\/08\/Reiseguide-Seychellene-2-av-2-1-1024x683.jpeg 1024w, https:\/\/withnorwegianeyes.com\/wp-content\/uploads\/2019\/08\/Reiseguide-Seychellene-2-av-2-1-768x512.jpeg 768w, https:\/\/withnorwegianeyes.com\/wp-content\/uploads\/2019\/08\/Reiseguide-Seychellene-2-av-2-1.jpeg 1280w\" sizes=\"(max-width: 300px) 100vw, 300px\" \/><\/a><\/figure>\n\n<h3 class=\"gb-headline gb-headline-0d867e81 gb-headline-text\"><a href=\"https:\/\/withnorwegianeyes.com\/no\/reiseguide-for-seychellene\/\">Reiseguide: Tips og praktisk informasjon om Seychellene<\/a><\/h3>\n\n<div class=\"gb-headline gb-headline-d866a8f8 gb-headline-text\"><time class=\"entry-date published\" datetime=\"2019-08-31T06:48:06+01:00\">august 2019<\/time><\/div>\n\n<div class=\"gb-button-wrapper gb-button-wrapper-0aa92538\">\n<a class=\"gb-button gb-button-81e84ec1\" href=\"https:\/\/withnorwegianeyes.com\/no\/reiseguide-for-seychellene\/\">LES MER<\/a>\n<\/div>\n<\/div><\/div><\/div>\n\n<div class=\"gb-grid-column gb-grid-column-6f2a7d37 gb-query-loop-item post-8488 post type-post status-publish format-standard has-post-thumbnail hentry category-ukategorisert tag-106 tag-seychelles tag-sleep tag-world\"><div class=\"gb-container gb-container-6f2a7d37\"><div class=\"gb-inside-container\">\n<figure class=\"gb-block-image gb-block-image-1c085a9f\"><a href=\"https:\/\/withnorwegianeyes.com\/no\/anmeldelse-hilton-seychelles-labriz-resort-spa\/\"><img loading=\"lazy\" decoding=\"async\" width=\"300\" height=\"200\" src=\"https:\/\/withnorwegianeyes.com\/wp-content\/uploads\/2017\/05\/Hilton-Labriz-1-av-1-300x200.jpg\" class=\"gb-image-1c085a9f\" alt=\"\" srcset=\"https:\/\/withnorwegianeyes.com\/wp-content\/uploads\/2017\/05\/Hilton-Labriz-1-av-1-300x200.jpg 300w, https:\/\/withnorwegianeyes.com\/wp-content\/uploads\/2017\/05\/Hilton-Labriz-1-av-1-1024x682.jpg 1024w, https:\/\/withnorwegianeyes.com\/wp-content\/uploads\/2017\/05\/Hilton-Labriz-1-av-1-768x512.jpg 768w, https:\/\/withnorwegianeyes.com\/wp-content\/uploads\/2017\/05\/Hilton-Labriz-1-av-1.jpg 1280w\" sizes=\"(max-width: 300px) 100vw, 300px\" \/><\/a><\/figure>\n\n<h3 class=\"gb-headline gb-headline-0d867e81 gb-headline-text\"><a href=\"https:\/\/withnorwegianeyes.com\/no\/anmeldelse-hilton-seychelles-labriz-resort-spa\/\">Omtale: Hilton Seychelles Labriz Resort &#038; Spa \u2013 luksus p\u00e5 en \u00f8de \u00f8y<\/a><\/h3>\n\n<div class=\"gb-headline gb-headline-d866a8f8 gb-headline-text\"><time class=\"entry-date published\" datetime=\"2019-05-31T20:33:07+01:00\">mai 2019<\/time><\/div>\n\n<div class=\"gb-button-wrapper gb-button-wrapper-0aa92538\">\n<a class=\"gb-button gb-button-81e84ec1\" href=\"https:\/\/withnorwegianeyes.com\/no\/anmeldelse-hilton-seychelles-labriz-resort-spa\/\">LES MER<\/a>\n<\/div>\n<\/div><\/div><\/div>\n<\/div>\n\n<\/div>","protected":false},"excerpt":{"rendered":"","protected":false},"author":1,"featured_media":0,"parent":0,"menu_order":0,"comment_status":"closed","ping_status":"closed","template":"","meta":{"footnotes":""},"translation":{"provider":"WPGlobus","version":"2.12.2","language":"no","enabled_languages":["en","no"],"languages":{"en":{"title":true,"content":true,"excerpt":false},"no":{"title":true,"content":true,"excerpt":false}}},"_links":{"self":[{"href":"https:\/\/withnorwegianeyes.com\/no\/wp-json\/wp\/v2\/pages\/11705"}],"collection":[{"href":"https:\/\/withnorwegianeyes.com\/no\/wp-json\/wp\/v2\/pages"}],"about":[{"href":"https:\/\/withnorwegianeyes.com\/no\/wp-json\/wp\/v2\/types\/page"}],"author":[{"embeddable":true,"href":"https:\/\/withnorwegianeyes.com\/no\/wp-json\/wp\/v2\/users\/1"}],"replies":[{"embeddable":true,"href":"https:\/\/withnorwegianeyes.com\/no\/wp-json\/wp\/v2\/comments?post=11705"}],"version-history":[{"count":19,"href":"https:\/\/withnorwegianeyes.com\/no\/wp-json\/wp\/v2\/pages\/11705\/revisions"}],"predecessor-version":[{"id":20697,"href":"https:\/\/withnorwegianeyes.com\/no\/wp-json\/wp\/v2\/pages\/11705\/revisions\/20697"}],"wp:attachment":[{"href":"https:\/\/withnorwegianeyes.com\/no\/wp-json\/wp\/v2\/media?parent=11705"}],"curies":[{"name":"wp","href":"https:\/\/api.w.org\/{rel}","templated":true}]}}